{"id":155,"date":"2025-05-15T20:53:53","date_gmt":"2025-05-15T18:53:53","guid":{"rendered":"https:\/\/algumawoocommerce.arryma.com\/lista-de-deseos\/"},"modified":"2025-09-17T02:35:30","modified_gmt":"2025-09-17T00:35:30","slug":"lista-de-deseos","status":"publish","type":"page","link":"https:\/\/selfcarehomedecor.com\/ca\/lista-de-deseos\/","title":{"rendered":"Llista de desitjos"},"content":{"rendered":"<div data-elementor-type=\"wp-page\" data-elementor-id=\"155\" class=\"elementor elementor-155\" data-elementor-post-type=\"page\">\n\t\t\t\t<div class=\"elementor-element elementor-element-b154f28 e-flex e-con-boxed e-con e-parent\" data-id=\"b154f28\" data-element_type=\"container\" data-e-type=\"container\">\n\t\t\t\t\t<div class=\"e-con-inner\">\n\t\t\t\t\t<\/div>\n\t\t\t\t<\/div>\n\t\t<div class=\"elementor-element elementor-element-6fd4a26 e-flex e-con-boxed e-con e-parent\" data-id=\"6fd4a26\" data-element_type=\"container\" data-e-type=\"container\">\n\t\t\t\t\t<div class=\"e-con-inner\">\n\t\t\t\t<div class=\"elementor-element elementor-element-69b8e90 e-n-tabs-mobile elementor-widget elementor-widget-n-tabs\" data-id=\"69b8e90\" data-element_type=\"widget\" data-e-type=\"widget\" data-settings=\"{&quot;horizontal_scroll&quot;:&quot;disable&quot;}\" data-widget_type=\"nested-tabs.default\">\n\t\t\t\t<div class=\"elementor-widget-container\">\n\t\t\t\t\t\t\t<div class=\"e-n-tabs\" data-widget-number=\"110857872\" aria-label=\"Tabuladors. Obre elements amb Retorn o Espai, tanca amb Esc i navega amb les tecles de fletxa.\">\n\t\t\t<div class=\"e-n-tabs-heading\" role=\"tablist\">\n\t\t\t\t\t<button id=\"e-n-tab-title-1108578721\" data-tab-title-id=\"e-n-tab-title-1108578721\" class=\"e-n-tab-title\" aria-selected=\"true\" data-tab-index=\"1\" role=\"tab\" tabindex=\"0\" aria-controls=\"e-n-tab-content-1108578721\" style=\"--n-tabs-title-order: 1;\">\n\t\t\t\t\t\t<span class=\"e-n-tab-title-text\">\n\t\t\t\tLogin\t\t\t<\/span>\n\t\t<\/button>\n\t\t\t\t<button id=\"e-n-tab-title-1108578722\" data-tab-title-id=\"e-n-tab-title-1108578722\" class=\"e-n-tab-title\" aria-selected=\"false\" data-tab-index=\"2\" role=\"tab\" tabindex=\"-1\" aria-controls=\"e-n-tab-content-1108578722\" style=\"--n-tabs-title-order: 2;\">\n\t\t\t\t\t\t<span class=\"e-n-tab-title-text\">\n\t\t\t\tRegistra&#039;t\t\t\t<\/span>\n\t\t<\/button>\n\t\t\t\t\t<\/div>\n\t\t\t<div class=\"e-n-tabs-content\">\n\t\t\t\t<div id=\"e-n-tab-content-1108578721\" role=\"tabpanel\" aria-labelledby=\"e-n-tab-title-1108578721\" data-tab-index=\"1\" style=\"--n-tabs-title-order: 1;\" class=\"e-active elementor-element elementor-element-8749230 e-con-full e-flex e-con e-child\" data-id=\"8749230\" data-element_type=\"container\" data-e-type=\"container\">\n\t\t\t\t<div class=\"elementor-element elementor-element-80b4a4d e-my-account-tabs-horizontal elementor-widget elementor-widget-woocommerce-my-account\" data-id=\"80b4a4d\" data-element_type=\"widget\" data-e-type=\"widget\" data-widget_type=\"woocommerce-my-account.default\">\n\t\t\t\t<div class=\"elementor-widget-container\">\n\t\t\t\t\t<div class=\"e-my-account-tab e-my-account-tab__\">\t\t\t<div class=\"woocommerce\"><\/div>\t\t<\/div>\r\n\t\t\t\t\t\t<\/div>\n\t\t\t\t<\/div>\n\t\t\t\t<\/div>\n\t\t<div id=\"e-n-tab-content-1108578722\" role=\"tabpanel\" aria-labelledby=\"e-n-tab-title-1108578722\" data-tab-index=\"2\" style=\"--n-tabs-title-order: 2;\" class=\"elementor-element elementor-element-2a76e25 e-con-full e-flex e-con e-child\" data-id=\"2a76e25\" data-element_type=\"container\" data-e-type=\"container\">\n\t\t\t\t<div class=\"elementor-element elementor-element-16144b7 elementor-widget elementor-widget-jet-form-builder-form\" data-id=\"16144b7\" data-element_type=\"widget\" data-e-type=\"widget\" data-widget_type=\"jet-form-builder-form.default\">\n\t\t\t\t<div class=\"elementor-widget-container\">\n\t\t\t\t\t<link rel='stylesheet' id='wp-block-library-css' href='https:\/\/selfcarehomedecor.com\/wp-includes\/css\/dist\/block-library\/style.min.css?ver=6.9.4' media='all' \/>\n<style id=\"jet-form-builder-146-inline-css\"><\/style><form  class=\"jet-form-builder layout-column submit-type-reload\" action=\"https:\/\/selfcarehomedecor.com\/ca\/wp-json\/wp\/v2\/pages\/155\/?BVSAya=SQmlpQ5oLc&#038;method=reload\" method=\"POST\" data-form-id=\"146\" data-layout=\"column\" enctype=\"multipart\/form-data\" novalidate=\"null\" ssr_validation_method=\"rest\" data-trp-original-action=\"https:\/\/selfcarehomedecor.com\/ca\/wp-json\/wp\/v2\/pages\/155\/?BVSAya=SQmlpQ5oLc&amp;method=reload\"><input type=\"hidden\" id=\"_wpnonce\" name=\"_wpnonce\" value=\"4825c0a357\" \/><input type=\"hidden\" name=\"_wp_http_referer\" value=\"\/ca\/wp-json\/wp\/v2\/pages\/155\" \/>\r\n<input type=\"hidden\" name=\"_jfb_current_render_states[]\" value=\"DEFAULT.STATE\" data-jfb-sync \/><input type=\"hidden\" class=\"jet-form-builder__field hidden-field\" name=\"_jet_engine_booking_form_id\" data-field-name=\"_jet_engine_booking_form_id\" value=\"146\">\n<input type=\"hidden\" class=\"jet-form-builder__field hidden-field\" name=\"_jet_engine_refer\" data-field-name=\"_jet_engine_refer\" value=\"https:\/\/selfcarehomedecor.com\/ca\/wp-json\/wp\/v2\/pages\/155\/\">\n<input type=\"hidden\" class=\"jet-form-builder__field hidden-field\" name=\"__queried_post_id\" data-field-name=\"__queried_post_id\" value=\"155\">\n\n\n\n<div class=\"wp-block-columns is-layout-flex wp-container-core-columns-is-layout-28f84493 wp-block-columns-is-layout-flex\">\n<div class=\"wp-block-column is-layout-flow wp-block-column-is-layout-flow\"><div  class=\"jet-form-builder-row field-type-text-field\" >\n<div class=\"jet-form-builder__label\">\r\n<div class=\"jet-form-builder__label-text\">Nom <span class=\"jet-form-builder__required\">*<\/span><\/div><\/div><div class=\"jet-form-builder__field-wrap\">\n\t\t\t\t<input placeholder=\"Exemple: Maria\" required=\"required\" name=\"nombre\" id=\"nombre\" type=\"text\" data-field-name=\"nombre\" class=\"jet-form-builder__field text-field\" data-jfb-sync=\"null\" autocomplete=\"off_IF3slRDU\">\n\t\t\t\t\t<\/div>\n<\/div><\/div>\n\n\n\n<div class=\"wp-block-column is-layout-flow wp-block-column-is-layout-flow\"><div  class=\"jet-form-builder-row field-type-text-field\" >\n<div class=\"jet-form-builder__label\">\r\n<div class=\"jet-form-builder__label-text\">Cognoms <span class=\"jet-form-builder__required\">*<\/span><\/div><\/div><div class=\"jet-form-builder__field-wrap\">\n\t\t\t\t<input placeholder=\"Exemple: Garc\u00eda Mart\u00ednez\" required=\"required\" name=\"apellidos\" id=\"apellidos\" type=\"text\" data-field-name=\"apellidos\" class=\"jet-form-builder__field text-field\" data-jfb-sync=\"null\" autocomplete=\"off_pUM6clak\">\n\t\t\t\t\t<\/div>\n<\/div><\/div>\n<\/div>\n\n\n\n<div class=\"wp-block-columns is-layout-flex wp-container-core-columns-is-layout-28f84493 wp-block-columns-is-layout-flex\">\n<div class=\"wp-block-column is-layout-flow wp-block-column-is-layout-flow\"><div  class=\"jet-form-builder-row field-type-text-field\" >\n<div class=\"jet-form-builder__label\">\r\n<div class=\"jet-form-builder__label-text\">E-mail <span class=\"jet-form-builder__required\">*<\/span><\/div><\/div><div class=\"jet-form-builder__field-wrap\">\n\t\t\t\t<input placeholder=\"Exemple: tuemail@gmail.com\" required=\"required\" name=\"e_mail\" id=\"e_mail\" type=\"email\" data-field-name=\"e_mail\" class=\"jet-form-builder__field text-field\" data-jfb-sync=\"null\" autocomplete=\"off_exiO1D9j\">\n\t\t\t\t\t<\/div>\n<\/div><\/div>\n\n\n\n<div class=\"wp-block-column is-layout-flow wp-block-column-is-layout-flow\"><div  class=\"jet-form-builder-row field-type-text-field\" >\n<div class=\"jet-form-builder__label\">\r\n<div class=\"jet-form-builder__label-text\">Tel\u00e8fon <span class=\"jet-form-builder__required\">*<\/span><\/div><\/div><div class=\"jet-form-builder__field-wrap\">\n\t\t\t\t<input placeholder=\"+34612 345 678\" required=\"required\" name=\"telefono\" id=\"telefono\" type=\"tel\" data-field-name=\"telefono\" class=\"jet-form-builder__field text-field\" data-jfb-sync=\"null\" autocomplete=\"off_5KnUvqAk\">\n\t\t\t\t\t<\/div>\n<\/div><\/div>\n<\/div>\n\n\n\n<div class=\"wp-block-columns is-layout-flex wp-container-core-columns-is-layout-28f84493 wp-block-columns-is-layout-flex\">\n<div class=\"wp-block-column is-layout-flow wp-block-column-is-layout-flow\"><div  class=\"jet-form-builder-row field-type-text-field\" >\n<div class=\"jet-form-builder__label\">\r\n<div class=\"jet-form-builder__label-text\">Contrasenya <span class=\"jet-form-builder__required\">*<\/span><\/div><\/div><div class=\"jet-form-builder__field-wrap\">\n\t\t\t\t<input placeholder=\"Escriu aqu\u00ed la teva contrasenya\" required=\"required\" name=\"contrasena\" id=\"contrasena\" type=\"password\" data-field-name=\"contrasena\" class=\"jet-form-builder__field text-field eye-icon\" data-jfb-sync=\"null\" autocomplete=\"off_n1uKdDZh\">\n\t\t\t\t\t<\/div>\n<\/div><\/div>\n\n\n\n<div class=\"wp-block-column is-layout-flow wp-block-column-is-layout-flow\"><div  class=\"jet-form-builder-row field-type-text-field\" >\n<div class=\"jet-form-builder__label\">\r\n<div class=\"jet-form-builder__label-text\">Repeteix la teva contrassenya <span class=\"jet-form-builder__required\">*<\/span><\/div><\/div><div class=\"jet-form-builder__field-wrap\">\n\t\t\t\t<input placeholder=\"Repeteix aqu\u00ed la teva contrsenya\" required=\"required\" name=\"repite_tu_contrsena\" id=\"repite_tu_contrsena\" type=\"password\" data-field-name=\"repite_tu_contrsena\" class=\"jet-form-builder__field text-field eye-icon\" data-jfb-sync=\"null\" autocomplete=\"off_qYt9hg7H\">\n\t\t\t\t\t<\/div>\n<\/div><\/div>\n<\/div>\n\n\n<div  class=\"jet-form-builder-row field-type-submit-field\" >\n\t<div data-type=\"submit\" class=\"jet-form-builder__action-button-wrapper jet-form-builder__submit-wrap\">\n\t<button class=\"jet-form-builder__action-button jet-form-builder__submit submit-type-reload\" type=\"submit\">Registrar-me<\/button>\n\t<\/div>\n\t\n<\/div>\n\n\n<p><\/p>\n\t<div class=\"jet-form-builder-messages-wrap\" data-form-id=\"146\"><\/div>\n<input type=\"hidden\" name=\"trp-form-language\" value=\"ca\"\/><\/form>\n\t\t\t\t<\/div>\n\t\t\t\t<\/div>\n\t\t\t\t<\/div>\n\t\t\t\t\t<\/div>\n\t\t<\/div>\n\t\t\t\t\t\t<\/div>\n\t\t\t\t<\/div>\n\t\t\t\t\t<\/div>\n\t\t\t\t<\/div>\n\t\t\t\t<\/div>","protected":false},"excerpt":{"rendered":"<p>Login Reg\u00edstrate Hola panterwebs@gmail.com (\u00bfno eres panterwebs@gmail.com? Cerrar sesi\u00f3n) Desde el escritorio de tu cuenta puedes ver tus pedidos recientes, gestionar tus direcciones de env\u00edo y facturaci\u00f3n y editar tu contrase\u00f1a y los detalles de tu cuenta. Nombre * Apellidos * E-mail * Tel\u00e9fono * Contrase\u00f1a * Repite tu contrse\u00f1a * Registrarme Hola panterwebs@gmail.com (\u00bfno [&hellip;]<\/p>\n","protected":false},"author":1,"featured_media":0,"parent":0,"menu_order":0,"comment_status":"closed","ping_status":"closed","template":"","meta":{"footnotes":""},"class_list":["post-155","page","type-page","status-publish","hentry"],"_links":{"self":[{"href":"https:\/\/selfcarehomedecor.com\/ca\/wp-json\/wp\/v2\/pages\/155","targetHints":{"allow":["GET"]}}],"collection":[{"href":"https:\/\/selfcarehomedecor.com\/ca\/wp-json\/wp\/v2\/pages"}],"about":[{"href":"https:\/\/selfcarehomedecor.com\/ca\/wp-json\/wp\/v2\/types\/page"}],"author":[{"embeddable":true,"href":"https:\/\/selfcarehomedecor.com\/ca\/wp-json\/wp\/v2\/users\/1"}],"replies":[{"embeddable":true,"href":"https:\/\/selfcarehomedecor.com\/ca\/wp-json\/wp\/v2\/comments?post=155"}],"version-history":[{"count":6,"href":"https:\/\/selfcarehomedecor.com\/ca\/wp-json\/wp\/v2\/pages\/155\/revisions"}],"predecessor-version":[{"id":2027,"href":"https:\/\/selfcarehomedecor.com\/ca\/wp-json\/wp\/v2\/pages\/155\/revisions\/2027"}],"wp:attachment":[{"href":"https:\/\/selfcarehomedecor.com\/ca\/wp-json\/wp\/v2\/media?parent=155"}],"curies":[{"name":"wp","href":"https:\/\/api.w.org\/{rel}","templated":true}]}}