{"id":2050,"date":"2025-10-02T09:47:02","date_gmt":"2025-10-02T07:47:02","guid":{"rendered":"https:\/\/selfcarehomedecor.com\/?page_id=2050"},"modified":"2025-10-14T10:07:22","modified_gmt":"2025-10-14T08:07:22","slug":"politica-de-devoluciones","status":"publish","type":"page","link":"https:\/\/selfcarehomedecor.com\/ca\/politica-de-devoluciones\/","title":{"rendered":"Pol\u00edtica d&#039;enviament\/devolucions"},"content":{"rendered":"<div data-elementor-type=\"wp-page\" data-elementor-id=\"2050\" class=\"elementor elementor-2050\" data-elementor-post-type=\"page\">\n\t\t\t\t<div class=\"elementor-element elementor-element-e58eade e-flex e-con-boxed e-con e-parent\" data-id=\"e58eade\" data-element_type=\"container\" data-e-type=\"container\" data-settings=\"{&quot;background_background&quot;:&quot;classic&quot;}\">\n\t\t\t\t\t<div class=\"e-con-inner\">\n\t\t<div class=\"elementor-element elementor-element-4c02045 e-con-full e-flex e-con e-child\" data-id=\"4c02045\" data-element_type=\"container\" data-e-type=\"container\">\n\t\t\t\t<div class=\"elementor-element elementor-element-aefad00 elementor-invisible elementor-widget elementor-widget-heading\" data-id=\"aefad00\" data-element_type=\"widget\" data-e-type=\"widget\" data-settings=\"{&quot;_animation&quot;:&quot;fadeInLeft&quot;}\" data-widget_type=\"heading.default\">\n\t\t\t\t<div class=\"elementor-widget-container\">\n\t\t\t\t\t<h1 class=\"elementor-heading-title elementor-size-default\">Pol\u00edtica d&#039;enviament\/devolucions<\/h1>\t\t\t\t<\/div>\n\t\t\t\t<\/div>\n\t\t\t\t<div class=\"elementor-element elementor-element-e9c7b2b elementor-invisible elementor-widget elementor-widget-woocommerce-breadcrumb\" data-id=\"e9c7b2b\" data-element_type=\"widget\" data-e-type=\"widget\" data-settings=\"{&quot;_animation&quot;:&quot;fadeInLeft&quot;,&quot;_animation_delay&quot;:100}\" data-widget_type=\"woocommerce-breadcrumb.default\">\n\t\t\t\t<div class=\"elementor-widget-container\">\n\t\t\t\t\t<nav class=\"woocommerce-breadcrumb\" aria-label=\"Breadcrumb\" data-no-translation=\"\" data-trp-gettext=\"\">Inici<\/nav>\t\t\t\t<\/div>\n\t\t\t\t<\/div>\n\t\t\t\t<\/div>\n\t\t\t\t\t<\/div>\n\t\t\t\t<\/div>\n\t\t<div class=\"elementor-element elementor-element-1cd87de e-flex e-con-boxed e-con e-parent\" data-id=\"1cd87de\" data-element_type=\"container\" data-e-type=\"container\">\n\t\t\t\t\t<div class=\"e-con-inner\">\n\t\t\t\t<div class=\"elementor-element elementor-element-6fce429d elementor-widget elementor-widget-text-editor\" data-id=\"6fce429d\" data-element_type=\"widget\" data-e-type=\"widget\" data-widget_type=\"text-editor.default\">\n\t\t\t\t<div class=\"elementor-widget-container\">\n\t\t\t\t\t\t\t\t\t<p><span style=\"text-decoration: underline;\"><strong>Pol\u00edtica d&#039;Enviaments, Devolucions i Reembossaments<\/strong><\/span><\/p><p>Gr\u00e0cies per comprar amb nosaltres. El nostre objectiu \u00e9s garantir la vostra completa satisfacci\u00f3. Si per alguna ra\u00f3 no est\u00e0s conforme amb la teva compra, revisa les condicions i el procediment per fer una devoluci\u00f3 o sol\u00b7licitar un reemborsament.<\/p><p><span style=\"text-decoration: underline;\"><strong>Terminis i condicions d&#039;enviament<\/strong><\/span><\/p><p>Els terminis d&#039;enviament oscil\u00b7len entre <strong>2 i 7 dies laborables<\/strong>, depenent de la disponibilitat del producte i de la destinaci\u00f3 de la comanda. Els temps de lliurament poden variar segons la <strong>localitzaci\u00f3 de l&#039;enviament<\/strong> (pen\u00ednsula, illes o altres zones). Tots els enviaments es gestionen a trav\u00e9s de l&#039;empresa de missatgeria <strong>GLS<\/strong>, garantint un servei r\u00e0pid i segur.<\/p><p>Un cop la vostra comanda hagi estat processada, rebr\u00e0s una notificaci\u00f3 amb la informaci\u00f3 de seguiment perqu\u00e8 puguis consultar l&#039;estat de l&#039;enviament en tot moment.<\/p><p><span style=\"text-decoration: underline;\"><strong>Condicions per a devolucions<\/strong><\/span><\/p><p>Perqu\u00e8 els b\u00e9ns siguin elegibles per a una devoluci\u00f3 assegura&#039;t que:<\/p><ul><li>La compra s&#039;ha fet en els darrers 15 dies.<\/li><li>El producte es troba al seu embalatge original, sense signes d\u00fas ni manipulaci\u00f3.<\/li><li>Incloeu tots els accessoris, manuals i etiquetes amb qu\u00e8 va ser lliurat.<\/li><li>Comptes amb el comprovant o el n\u00famero de comanda corresponent.<\/li><\/ul><p>Ens reservem el dret de rebutjar devolucions de qualsevol mercaderia que no compleixi les condicions anteriors o que arribi danyada, incompleta o fora del termini establert.<\/p><p><span style=\"text-decoration: underline;\"><strong>Articles no retornables<\/strong><\/span><\/p><p>Per motius d&#039;higiene o personalitzaci\u00f3, no acceptem devolucions en els casos seg\u00fcents:<\/p><ul><li>Productes personalitzats o fets a mida.<\/li><li>Articles en oferta o adquirits durant promocions especials.<\/li><li>B\u00e9ns que, per la seva naturalesa, no es puguin tornar (per exemple, productes peribles o d&#039;\u00fas \u00edntim).<\/li><\/ul><p><span style=\"text-decoration: underline;\"><strong>Reemborsaments i reempla\u00e7aments<\/strong><\/span><\/p><p>Un cop rebuda i inspeccionada la devoluci\u00f3, et notificarem el resultat per correu electr\u00f2nic.<\/p><ul><li>Si la teva devoluci\u00f3 \u00e9s aprovada, et tornarem l&#039;import en un val de compra per fer servir a la nostra botiga.<\/li><li>En cas que el producte hagi arribat malm\u00e8s o defectu\u00f3s, el reempla\u00e7arem pel mateix article sense cap cost addicional.<\/li><li>No s&#039;emetran reemborsaments en efectiu, llevat que la llei ho exigeixi o que aix\u00ed ho especifiquem expressament.<\/li><\/ul><p>En cas que el reempla\u00e7ament no sigui possible, us oferirem una alternativa equivalent o un val pel mateix valor. El temps de processament sol ser de 5 a 10 dies h\u00e0bils des de la recepci\u00f3 del producte.<\/p><p><span style=\"text-decoration: underline;\"><strong>Devoluci\u00f3 de b\u00e9ns<\/strong><\/span><\/p><p>Ets responsable del cost i risc de tornar-nos els b\u00e9ns. Has d&#039;enviar-los a la seg\u00fcent adre\u00e7a:<\/p><p>GLS<\/p><p>CRTA. DE MOLINS DE REI, 209, BAIXOS<\/p><p>08205 SABADELL-BARCELONA<\/p><p>No ens fem responsables dels b\u00e9ns danyats o perduts a l&#039;enviament de devoluci\u00f3. Per tant, recomanem un servei de correu assegurat i rastrejable. No podem emetre un reemborsament sense la recepci\u00f3 real dels b\u00e9ns o la prova de la devoluci\u00f3 rebuda.<\/p><p><span style=\"text-decoration: underline;\"><strong>Contacta&#039;ns<\/strong><\/span><\/p><p>Si tens alguna pregunta sobre la nostra Pol\u00edtica d&#039;enviaments, devolucions i reemborsaments o necessites assist\u00e8ncia amb la teva comanda, comunica&#039;t amb nosaltres pel correu electr\u00f2nic <a href=\"mailto:info@selfcarehomedecor.com\" target=\"_blank\" rel=\"noopener\"><span style=\"text-decoration: underline;\">info@selfcarehomedecor.com<\/span><\/a>.<\/p><p>Estarem encantats d&#039;ajudar-te.<\/p>\t\t\t\t\t\t\t\t<\/div>\n\t\t\t\t<\/div>\n\t\t\t\t\t<\/div>\n\t\t\t\t<\/div>\n\t\t\t\t<\/div>","protected":false},"excerpt":{"rendered":"<p>Pol\u00edtica de Env\u00edos, Devoluciones y Reembolsos Gracias por comprar con nosotros. Nuestro objetivo es garantizar tu completa satisfacci\u00f3n. Si por alguna raz\u00f3n no est\u00e1s conforme con tu compra, revisa las condiciones y el procedimiento para realizar una devoluci\u00f3n o solicitar un reembolso. Plazos y condiciones de env\u00edo Los plazos de env\u00edo oscilan entre 2 y [&hellip;]<\/p>\n","protected":false},"author":1,"featured_media":0,"parent":0,"menu_order":0,"comment_status":"closed","ping_status":"closed","template":"","meta":{"footnotes":""},"class_list":["post-2050","page","type-page","status-publish","hentry"],"_links":{"self":[{"href":"https:\/\/selfcarehomedecor.com\/ca\/wp-json\/wp\/v2\/pages\/2050","targetHints":{"allow":["GET"]}}],"collection":[{"href":"https:\/\/selfcarehomedecor.com\/ca\/wp-json\/wp\/v2\/pages"}],"about":[{"href":"https:\/\/selfcarehomedecor.com\/ca\/wp-json\/wp\/v2\/types\/page"}],"author":[{"embeddable":true,"href":"https:\/\/selfcarehomedecor.com\/ca\/wp-json\/wp\/v2\/users\/1"}],"replies":[{"embeddable":true,"href":"https:\/\/selfcarehomedecor.com\/ca\/wp-json\/wp\/v2\/comments?post=2050"}],"version-history":[{"count":20,"href":"https:\/\/selfcarehomedecor.com\/ca\/wp-json\/wp\/v2\/pages\/2050\/revisions"}],"predecessor-version":[{"id":2132,"href":"https:\/\/selfcarehomedecor.com\/ca\/wp-json\/wp\/v2\/pages\/2050\/revisions\/2132"}],"wp:attachment":[{"href":"https:\/\/selfcarehomedecor.com\/ca\/wp-json\/wp\/v2\/media?parent=2050"}],"curies":[{"name":"wp","href":"https:\/\/api.w.org\/{rel}","templated":true}]}}