{"id":219,"date":"2025-06-30T03:05:16","date_gmt":"2025-06-30T01:05:16","guid":{"rendered":"https:\/\/selfcarehomedecor.com\/?page_id=219"},"modified":"2025-09-03T10:41:59","modified_gmt":"2025-09-03T08:41:59","slug":"bombones-aromaticos","status":"publish","type":"page","link":"https:\/\/selfcarehomedecor.com\/ca\/productos\/bombones-aromaticos\/","title":{"rendered":"Bombons arom\u00e0tics"},"content":{"rendered":"\t\t<div data-elementor-type=\"wp-page\" data-elementor-id=\"219\" class=\"elementor elementor-219\" data-elementor-post-type=\"page\">\n\t\t\t\t<div class=\"elementor-element elementor-element-371d2c1 e-flex e-con-boxed e-con e-parent\" data-id=\"371d2c1\" data-element_type=\"container\" data-e-type=\"container\" data-settings=\"{&quot;background_background&quot;:&quot;classic&quot;}\">\n\t\t\t\t\t<div class=\"e-con-inner\">\n\t\t<div class=\"elementor-element elementor-element-a8bceee e-con-full e-flex e-con e-child\" data-id=\"a8bceee\" data-element_type=\"container\" data-e-type=\"container\">\n\t\t\t\t<div class=\"elementor-element elementor-element-552af59 elementor-invisible elementor-widget elementor-widget-heading\" data-id=\"552af59\" data-element_type=\"widget\" data-e-type=\"widget\" data-settings=\"{&quot;_animation&quot;:&quot;fadeInLeft&quot;}\" data-widget_type=\"heading.default\">\n\t\t\t\t<div class=\"elementor-widget-container\">\n\t\t\t\t\t<h1 class=\"elementor-heading-title elementor-size-default\">Bombones arom\u00e1ticos ecol\u00f3gicos para perfumar espacios peque\u00f1os\n<\/h1>\t\t\t\t<\/div>\n\t\t\t\t<\/div>\n\t\t\t\t<div class=\"elementor-element elementor-element-3da383c elementor-invisible elementor-widget elementor-widget-woocommerce-breadcrumb\" data-id=\"3da383c\" data-element_type=\"widget\" data-e-type=\"widget\" data-settings=\"{&quot;_animation&quot;:&quot;fadeInLeft&quot;,&quot;_animation_delay&quot;:100}\" data-widget_type=\"woocommerce-breadcrumb.default\">\n\t\t\t\t<div class=\"elementor-widget-container\">\n\t\t\t\t\t<nav class=\"woocommerce-breadcrumb\" aria-label=\"Breadcrumb\">Inici<\/nav>\t\t\t\t<\/div>\n\t\t\t\t<\/div>\n\t\t\t\t<\/div>\n\t\t\t\t\t<\/div>\n\t\t\t\t<\/div>\n\t\t<div class=\"elementor-element elementor-element-9fdd437 e-flex e-con-boxed e-con e-parent\" data-id=\"9fdd437\" data-element_type=\"container\" data-e-type=\"container\" data-settings=\"{&quot;background_background&quot;:&quot;classic&quot;}\">\n\t\t\t\t\t<div class=\"e-con-inner\">\n\t\t\t\t<div class=\"elementor-element elementor-element-002cd72 elementor-invisible elementor-widget elementor-widget-heading\" data-id=\"002cd72\" data-element_type=\"widget\" data-e-type=\"widget\" data-settings=\"{&quot;_animation&quot;:&quot;fadeInRight&quot;}\" data-widget_type=\"heading.default\">\n\t\t\t\t<div class=\"elementor-widget-container\">\n\t\t\t\t\t<h2 class=\"elementor-heading-title elementor-size-default\">Bombones perfumados hechos a mano para una experiencia olfativa sostenible\n\n\n\n<\/h2>\t\t\t\t<\/div>\n\t\t\t\t<\/div>\n\t\t\t\t<div class=\"elementor-element elementor-element-a684627 elementor-invisible elementor-widget elementor-widget-text-editor\" data-id=\"a684627\" data-element_type=\"widget\" data-e-type=\"widget\" data-settings=\"{&quot;_animation&quot;:&quot;fadeInRight&quot;,&quot;_animation_delay&quot;:240}\" data-widget_type=\"text-editor.default\">\n\t\t\t\t<div class=\"elementor-widget-container\">\n\t\t\t\t\t\t\t\t\t<p>Los bombones arom\u00e1ticos de Selfcare Home Decor son peque\u00f1as piezas de cera vegetal y fragancias de alta calidad especialmente formulados para perfumar espacios discretos. Su forma compacta y su combinaci\u00f3n de ingredientes naturales los hacen perfectos para colocar en cajones, peque\u00f1os estuches, maletas y bolsos, proporcionando aroma sin impactos negativos para la salud ni el medio ambiente.<\/p><p>Elaboramos cada bomb\u00f3n de manera artesanal. Nuestros packs est\u00e1n especialmente dise\u00f1ados para ser un detalle de regalo original, sostenible y accesible.<\/p>\t\t\t\t\t\t\t\t<\/div>\n\t\t\t\t<\/div>\n\t\t\t\t<div class=\"woocommerce elementor-element elementor-element-730605a elementor-grid-3 elementor-grid-tablet-2 elementor-grid-mobile-1 elementor-widget elementor-widget-loop-grid\" data-id=\"730605a\" data-element_type=\"widget\" data-e-type=\"widget\" data-settings=\"{&quot;_skin&quot;:&quot;product&quot;,&quot;template_id&quot;:&quot;545&quot;,&quot;columns&quot;:3,&quot;pagination_type&quot;:&quot;load_more_on_click&quot;,&quot;columns_tablet&quot;:&quot;2&quot;,&quot;columns_mobile&quot;:&quot;1&quot;,&quot;edit_handle_selector&quot;:&quot;[data-elementor-type=\\&quot;loop-item\\&quot;]&quot;,&quot;load_more_spinner&quot;:{&quot;value&quot;:&quot;fas fa-spinner&quot;,&quot;library&quot;:&quot;fa-solid&quot;},&quot;row_gap&quot;:{&quot;unit&quot;:&quot;px&quot;,&quot;size&quot;:&quot;&quot;,&quot;sizes&quot;:[]},&quot;row_gap_tablet&quot;:{&quot;unit&quot;:&quot;px&quot;,&quot;size&quot;:&quot;&quot;,&quot;sizes&quot;:[]},&quot;row_gap_mobile&quot;:{&quot;unit&quot;:&quot;px&quot;,&quot;size&quot;:&quot;&quot;,&quot;sizes&quot;:[]}}\" data-widget_type=\"loop-grid.product\">\n\t\t\t\t<div class=\"elementor-widget-container\">\n\t\t\t\t\t\t\t<div class=\"elementor-loop-container elementor-grid\" role=\"list\">\r\n\t\t<style id=\"loop-545\">.elementor-545 .elementor-element.elementor-element-195a27f{--display:flex;--flex-direction:column;--container-widget-width:calc( ( 1 - var( --container-widget-flex-grow ) ) * 100% );--container-widget-height:initial;--container-widget-flex-grow:0;--container-widget-align-self:initial;--flex-wrap-mobile:wrap;--align-items:center;--padding-top:0px;--padding-bottom:30px;--padding-left:0px;--padding-right:0px;}.woocommerce .elementor-545 .elementor-element.elementor-element-595c200 .star-rating{color:#FFF900;}.elementor-545 .elementor-element.elementor-element-8ac0c39{text-align:center;}.elementor-545 .elementor-element.elementor-element-8ac0c39 .elementor-heading-title{font-family:\"Jost\", Sans-serif;font-size:18px;font-weight:400;text-transform:none;font-style:normal;line-height:1.4em;}.elementor-545 .elementor-element.elementor-element-8ac0c39 > .elementor-widget-container{padding:0px 20px 0px 20px;}.elementor-545 .elementor-element.elementor-element-bdb75eb{text-align:center;}.woocommerce .elementor-545 .elementor-element.elementor-element-bdb75eb .price{color:var( --e-global-color-d49ac81 );font-size:22px;font-weight:500;}.woocommerce .elementor-545 .elementor-element.elementor-element-bdb75eb .price ins{color:var( --e-global-color-d49ac81 );font-size:22px;font-weight:500;}.elementor-545 .elementor-element.elementor-element-bdb75eb > .elementor-widget-container{padding:0px 20px 0px 20px;}.elementor-545 .elementor-element.elementor-element-8e5390c .elementor-button{text-transform:uppercase;padding:15px 30px 15px 30px;}.elementor-545 .elementor-element.elementor-element-8e5390c > .elementor-widget-container{padding:0px 20px 0px 20px;}@media(max-width:1024px){.elementor-545 .elementor-element.elementor-element-8ac0c39 .elementor-heading-title{font-size:23.44px;}}@media(max-width:767px){.elementor-545 .elementor-element.elementor-element-8ac0c39 .elementor-heading-title{font-size:18.72px;}}<\/style>\t\t<div data-elementor-type=\"loop-item\" data-elementor-id=\"545\" class=\"elementor elementor-545 e-loop-item e-loop-item-274 post-274 product type-product status-publish has-post-thumbnail product_cat-ambientadores product_cat-bombones-aromaticos product_tag-ambientadores product_tag-bombones-aromaticos first instock shipping-taxable purchasable product-type-variable\" data-elementor-post-type=\"elementor_library\" data-custom-edit-handle=\"1\">\r\n\t\t\t<div class=\"elementor-element elementor-element-195a27f e-flex e-con-boxed e-con e-parent\" data-id=\"195a27f\" data-element_type=\"container\" data-e-type=\"container\">\n\t\t\t\t\t<div class=\"e-con-inner\">\n\t\t\t\t<div class=\"elementor-element elementor-element-7bbfc29 elementor-widget elementor-widget-theme-post-featured-image elementor-widget-image\" data-id=\"7bbfc29\" data-element_type=\"widget\" data-e-type=\"widget\" data-widget_type=\"theme-post-featured-image.default\">\n\t\t\t\t<div class=\"elementor-widget-container\">\n\t\t\t\t\t\t\t\t\t\t\t\t\t\t\t\t<a href=\"https:\/\/selfcarehomedecor.com\/ca\/producte\/bombones-aromaticos\/\">\n\t\t\t\t\t\t\t<img decoding=\"async\" src=\"https:\/\/selfcarehomedecor.com\/wp-content\/uploads\/elementor\/thumbs\/9924-rckfj7l26aqptkwmg0pud0rj2cqyrit9604158nz3k.webp\" title=\"9924\" alt=\"9924\" loading=\"lazy\" \/>\t\t\t\t\t\t\t\t<\/a>\n\t\t\t\t\t\t\t\t\t\t\t\t\t\t\t<\/div>\n\t\t\t\t<\/div>\n\t\t\t\t<div class=\"elementor-element elementor-element-8ac0c39 elementor-widget elementor-widget-woocommerce-product-title elementor-page-title elementor-widget-heading\" data-id=\"8ac0c39\" data-element_type=\"widget\" data-e-type=\"widget\" data-widget_type=\"woocommerce-product-title.default\">\n\t\t\t\t<div class=\"elementor-widget-container\">\n\t\t\t\t\t<h1 class=\"product_title entry-title elementor-heading-title elementor-size-default\"><a href=\"https:\/\/selfcarehomedecor.com\/ca\/producte\/bombones-aromaticos\/\">Bombones arom\u00e1ticos<\/a><\/h1>\t\t\t\t<\/div>\n\t\t\t\t<\/div>\n\t\t\t\t<div class=\"elementor-element elementor-element-bdb75eb elementor-widget elementor-widget-woocommerce-product-price\" data-id=\"bdb75eb\" data-element_type=\"widget\" data-e-type=\"widget\" data-widget_type=\"woocommerce-product-price.default\">\n\t\t\t\t<div class=\"elementor-widget-container\">\n\t\t\t\t\t<p class=\"price\"><span class=\"woocommerce-Price-amount amount\"><bdi>12,49&nbsp;<span class=\"woocommerce-Price-currencySymbol\">&euro;<\/span><\/bdi><\/span><\/p>\n\t\t\t\t<\/div>\n\t\t\t\t<\/div>\n\t\t\t\t<div class=\"elementor-element elementor-element-8e5390c elementor-align-center elementor-widget elementor-widget-button\" data-id=\"8e5390c\" data-element_type=\"widget\" data-e-type=\"widget\" data-widget_type=\"button.default\">\n\t\t\t\t<div class=\"elementor-widget-container\">\n\t\t\t\t\t\t\t\t\t<div class=\"elementor-button-wrapper\">\n\t\t\t\t\t<a class=\"elementor-button elementor-button-link elementor-size-sm\" href=\"https:\/\/selfcarehomedecor.com\/ca\/producte\/bombones-aromaticos\/\">\n\t\t\t\t\t\t<span class=\"elementor-button-content-wrapper\">\n\t\t\t\t\t\t\t\t\t<span class=\"elementor-button-text\">Comprar<\/span>\n\t\t\t\t\t<\/span>\n\t\t\t\t\t<\/a>\n\t\t\t\t<\/div>\n\t\t\t\t\t\t\t\t<\/div>\n\t\t\t\t<\/div>\n\t\t\t\t\t<\/div>\n\t\t\t\t<\/div>\n\t\t\t\t<\/div>\r\n\t\t\t\t<\/div>\r\n\t\t\t\t\t<span class=\"e-load-more-spinner\">\r\n\t\t\t\t<svg aria-hidden=\"true\" class=\"e-font-icon-svg e-fas-spinner\" viewBox=\"0 0 512 512\" xmlns=\"http:\/\/www.w3.org\/2000\/svg\"><path d=\"M304 48c0 26.51-21.49 48-48 48s-48-21.49-48-48 21.49-48 48-48 48 21.49 48 48zm-48 368c-26.51 0-48 21.49-48 48s21.49 48 48 48 48-21.49 48-48-21.49-48-48-48zm208-208c-26.51 0-48 21.49-48 48s21.49 48 48 48 48-21.49 48-48-21.49-48-48-48zM96 256c0-26.51-21.49-48-48-48S0 229.49 0 256s21.49 48 48 48 48-21.49 48-48zm12.922 99.078c-26.51 0-48 21.49-48 48s21.49 48 48 48 48-21.49 48-48c0-26.509-21.491-48-48-48zm294.156 0c-26.51 0-48 21.49-48 48s21.49 48 48 48 48-21.49 48-48c0-26.509-21.49-48-48-48zM108.922 60.922c-26.51 0-48 21.49-48 48s21.49 48 48 48 48-21.49 48-48-21.491-48-48-48z\"><\/path><\/svg>\t\t\t<\/span>\r\n\t\t\r\n\t\t\t\t\t\t<\/div>\n\t\t\t\t<\/div>\n\t\t\t\t\t<\/div>\n\t\t\t\t<\/div>\n\t\t<div class=\"elementor-element elementor-element-1840775 e-flex e-con-boxed e-con e-parent\" data-id=\"1840775\" data-element_type=\"container\" data-e-type=\"container\" data-settings=\"{&quot;background_background&quot;:&quot;classic&quot;}\">\n\t\t\t\t\t<div class=\"e-con-inner\">\n\t\t<div class=\"elementor-element elementor-element-08de6df e-con-full e-flex e-con e-child\" data-id=\"08de6df\" data-element_type=\"container\" data-e-type=\"container\">\n\t\t\t\t<div class=\"elementor-element elementor-element-19ece01 elementor-invisible elementor-widget elementor-widget-image\" data-id=\"19ece01\" data-element_type=\"widget\" data-e-type=\"widget\" data-settings=\"{&quot;_animation&quot;:&quot;fadeInLeft&quot;}\" data-widget_type=\"image.default\">\n\t\t\t\t<div class=\"elementor-widget-container\">\n\t\t\t\t\t\t\t\t\t\t\t\t\t\t\t<img fetchpriority=\"high\" decoding=\"async\" width=\"1024\" height=\"1024\" src=\"https:\/\/selfcarehomedecor.com\/wp-content\/uploads\/2025\/08\/Almacenaje-ordenado-y-suave-luz.png\" class=\"attachment-full size-full wp-image-1861\" alt=\"\" srcset=\"https:\/\/selfcarehomedecor.com\/wp-content\/uploads\/2025\/08\/Almacenaje-ordenado-y-suave-luz.png 1024w, https:\/\/selfcarehomedecor.com\/wp-content\/uploads\/2025\/08\/Almacenaje-ordenado-y-suave-luz-300x300.png 300w, https:\/\/selfcarehomedecor.com\/wp-content\/uploads\/2025\/08\/Almacenaje-ordenado-y-suave-luz-150x150.png 150w, https:\/\/selfcarehomedecor.com\/wp-content\/uploads\/2025\/08\/Almacenaje-ordenado-y-suave-luz-768x768.png 768w, https:\/\/selfcarehomedecor.com\/wp-content\/uploads\/2025\/08\/Almacenaje-ordenado-y-suave-luz-600x600.png 600w, https:\/\/selfcarehomedecor.com\/wp-content\/uploads\/2025\/08\/Almacenaje-ordenado-y-suave-luz-100x100.png 100w, https:\/\/selfcarehomedecor.com\/wp-content\/uploads\/2025\/08\/Almacenaje-ordenado-y-suave-luz-50x50.png 50w\" sizes=\"(max-width: 1024px) 100vw, 1024px\" \/>\t\t\t\t\t\t\t\t\t\t\t\t\t\t\t<\/div>\n\t\t\t\t<\/div>\n\t\t\t\t<\/div>\n\t\t<div class=\"elementor-element elementor-element-8a6c8f3 e-con-full e-flex e-con e-child\" data-id=\"8a6c8f3\" data-element_type=\"container\" data-e-type=\"container\">\n\t\t\t\t<div class=\"elementor-element elementor-element-87217e2 elementor-invisible elementor-widget elementor-widget-heading\" data-id=\"87217e2\" data-element_type=\"widget\" data-e-type=\"widget\" data-settings=\"{&quot;_animation&quot;:&quot;fadeInRight&quot;}\" data-widget_type=\"heading.default\">\n\t\t\t\t<div class=\"elementor-widget-container\">\n\t\t\t\t\t<h2 class=\"elementor-heading-title elementor-size-default\">Ventajas y usos de los bombones arom\u00e1ticos ecol\u00f3gicos\n\n\n\n\n\n\n\n\n<\/h2>\t\t\t\t<\/div>\n\t\t\t\t<\/div>\n\t\t\t\t<div class=\"elementor-element elementor-element-6a486cc elementor-invisible elementor-widget elementor-widget-text-editor\" data-id=\"6a486cc\" data-element_type=\"widget\" data-e-type=\"widget\" data-settings=\"{&quot;_animation&quot;:&quot;fadeInRight&quot;,&quot;_animation_delay&quot;:240}\" data-widget_type=\"text-editor.default\">\n\t\t\t\t<div class=\"elementor-widget-container\">\n\t\t\t\t\t\t\t\t\t<p>Sus aplicaciones son tan variadas como tus necesidades: refrescar el interior de un armario, realzar el ambiente de un recibidor, perfumar el coche o llevarlos de viaje como alternativa port\u00e1til a los ambientadores tradicionales. Sus principales ventajas:<\/p>\t\t\t\t\t\t\t\t<\/div>\n\t\t\t\t<\/div>\n\t\t\t\t<div class=\"elementor-element elementor-element-f4a0b83 elementor-icon-list--layout-traditional elementor-list-item-link-full_width elementor-widget elementor-widget-icon-list\" data-id=\"f4a0b83\" data-element_type=\"widget\" data-e-type=\"widget\" data-widget_type=\"icon-list.default\">\n\t\t\t\t<div class=\"elementor-widget-container\">\n\t\t\t\t\t\t\t<ul class=\"elementor-icon-list-items\">\n\t\t\t\t\t\t\t<li class=\"elementor-icon-list-item\">\n\t\t\t\t\t\t\t\t\t\t\t<span class=\"elementor-icon-list-icon\">\n\t\t\t\t\t\t\t<i aria-hidden=\"true\" class=\"icon icon-checkmark-circle\"><\/i>\t\t\t\t\t\t<\/span>\n\t\t\t\t\t\t\t\t\t\t<span class=\"elementor-icon-list-text\">F\u00e1ciles de usar, sin necesidad de quemar o enchufar<\/span>\n\t\t\t\t\t\t\t\t\t<\/li>\n\t\t\t\t\t\t\t\t<li class=\"elementor-icon-list-item\">\n\t\t\t\t\t\t\t\t\t\t\t<span class=\"elementor-icon-list-icon\">\n\t\t\t\t\t\t\t<i aria-hidden=\"true\" class=\"icon icon-checkmark-circle\"><\/i>\t\t\t\t\t\t<\/span>\n\t\t\t\t\t\t\t\t\t\t<span class=\"elementor-icon-list-text\">Durabilidad de varias semanas por cada pieza<\/span>\n\t\t\t\t\t\t\t\t\t<\/li>\n\t\t\t\t\t\t\t\t<li class=\"elementor-icon-list-item\">\n\t\t\t\t\t\t\t\t\t\t\t<span class=\"elementor-icon-list-icon\">\n\t\t\t\t\t\t\t<i aria-hidden=\"true\" class=\"icon icon-checkmark-circle\"><\/i>\t\t\t\t\t\t<\/span>\n\t\t\t\t\t\t\t\t\t\t<span class=\"elementor-icon-list-text\"> Aromas libres de qu\u00edmicos agresivos<\/span>\n\t\t\t\t\t\t\t\t\t<\/li>\n\t\t\t\t\t\t\t\t<li class=\"elementor-icon-list-item\">\n\t\t\t\t\t\t\t\t\t\t\t<span class=\"elementor-icon-list-icon\">\n\t\t\t\t\t\t\t<i aria-hidden=\"true\" class=\"icon icon-checkmark-circle\"><\/i>\t\t\t\t\t\t<\/span>\n\t\t\t\t\t\t\t\t\t\t<span class=\"elementor-icon-list-text\">Packaging reutilizable o compostable, eliminando envases pl\u00e1sticos<\/span>\n\t\t\t\t\t\t\t\t\t<\/li>\n\t\t\t\t\t\t<\/ul>\n\t\t\t\t\t\t<\/div>\n\t\t\t\t<\/div>\n\t\t\t\t<\/div>\n\t\t\t\t\t<\/div>\n\t\t\t\t<\/div>\n\t\t<div class=\"elementor-element elementor-element-d41ed2a e-flex e-con-boxed e-con e-parent\" data-id=\"d41ed2a\" data-element_type=\"container\" data-e-type=\"container\" data-settings=\"{&quot;background_background&quot;:&quot;classic&quot;}\">\n\t\t\t\t\t<div class=\"e-con-inner\">\n\t\t<div class=\"elementor-element elementor-element-9d63f20 e-con-full e-flex elementor-invisible e-con e-child\" data-id=\"9d63f20\" data-element_type=\"container\" data-e-type=\"container\" data-settings=\"{&quot;animation&quot;:&quot;bounceInRight&quot;}\">\n\t\t\t\t<div class=\"elementor-element elementor-element-87de0d9 elementor-widget__width-initial elementor-invisible elementor-widget elementor-widget-heading\" data-id=\"87de0d9\" data-element_type=\"widget\" data-e-type=\"widget\" data-settings=\"{&quot;_animation&quot;:&quot;fadeInRight&quot;}\" data-widget_type=\"heading.default\">\n\t\t\t\t<div class=\"elementor-widget-container\">\n\t\t\t\t\t<h2 class=\"elementor-heading-title elementor-size-default\">Aromas y personalizaci\u00f3n en bombones arom\u00e1ticos\n<\/h2>\t\t\t\t<\/div>\n\t\t\t\t<\/div>\n\t\t\t\t<div class=\"elementor-element elementor-element-a9ab236 elementor-widget elementor-widget-text-editor\" data-id=\"a9ab236\" data-element_type=\"widget\" data-e-type=\"widget\" data-widget_type=\"text-editor.default\">\n\t\t\t\t<div class=\"elementor-widget-container\">\n\t\t\t\t\t\t\t\t\t<p>Contamos con fragancias florales, afrutadas y amaderadas, todas derivadas de aceites esenciales org\u00e1nicos. Algunos conjuntos de bombones pueden personalizarse para eventos especiales, detalles de empresa o packs regalo, garantizando siempre la m\u00e1xima concentraci\u00f3n de ingredientes activos vegetales.<\/p>\t\t\t\t\t\t\t\t<\/div>\n\t\t\t\t<\/div>\n\t\t\t\t<div class=\"elementor-element elementor-element-8eb7ff4 elementor-widget elementor-widget-button\" data-id=\"8eb7ff4\" data-element_type=\"widget\" data-e-type=\"widget\" data-widget_type=\"button.default\">\n\t\t\t\t<div class=\"elementor-widget-container\">\n\t\t\t\t\t\t\t\t\t<div class=\"elementor-button-wrapper\">\n\t\t\t\t\t<a class=\"elementor-button elementor-button-link elementor-size-sm\" href=\"https:\/\/selfcarehomedecor.com\/productos\/\">\n\t\t\t\t\t\t<span class=\"elementor-button-content-wrapper\">\n\t\t\t\t\t\t<span class=\"elementor-button-icon\">\n\t\t\t\t<i aria-hidden=\"true\" class=\"icon icon-shopping-cart-3\"><\/i>\t\t\t<\/span>\n\t\t\t\t\t\t\t\t\t<span class=\"elementor-button-text\">Comprar ahora<\/span>\n\t\t\t\t\t<\/span>\n\t\t\t\t\t<\/a>\n\t\t\t\t<\/div>\n\t\t\t\t\t\t\t\t<\/div>\n\t\t\t\t<\/div>\n\t\t\t\t<\/div>\n\t\t\t\t\t<\/div>\n\t\t\t\t<\/div>\n\t\t\t\t<\/div>\n\t\t","protected":false},"excerpt":{"rendered":"<p>Bombones arom\u00e1ticos ecol\u00f3gicos para perfumar espacios peque\u00f1os Bombones perfumados hechos a mano para una experiencia olfativa sostenible Los bombones arom\u00e1ticos de Selfcare Home Decor son peque\u00f1as piezas de cera vegetal y fragancias de alta calidad especialmente formulados para perfumar espacios discretos. Su forma compacta y su combinaci\u00f3n de ingredientes naturales los hacen perfectos para colocar [&hellip;]<\/p>\n","protected":false},"author":1,"featured_media":0,"parent":206,"menu_order":0,"comment_status":"closed","ping_status":"closed","template":"","meta":{"footnotes":""},"class_list":["post-219","page","type-page","status-publish","hentry"],"_links":{"self":[{"href":"https:\/\/selfcarehomedecor.com\/ca\/wp-json\/wp\/v2\/pages\/219","targetHints":{"allow":["GET"]}}],"collection":[{"href":"https:\/\/selfcarehomedecor.com\/ca\/wp-json\/wp\/v2\/pages"}],"about":[{"href":"https:\/\/selfcarehomedecor.com\/ca\/wp-json\/wp\/v2\/types\/page"}],"author":[{"embeddable":true,"href":"https:\/\/selfcarehomedecor.com\/ca\/wp-json\/wp\/v2\/users\/1"}],"replies":[{"embeddable":true,"href":"https:\/\/selfcarehomedecor.com\/ca\/wp-json\/wp\/v2\/comments?post=219"}],"version-history":[{"count":67,"href":"https:\/\/selfcarehomedecor.com\/ca\/wp-json\/wp\/v2\/pages\/219\/revisions"}],"predecessor-version":[{"id":2006,"href":"https:\/\/selfcarehomedecor.com\/ca\/wp-json\/wp\/v2\/pages\/219\/revisions\/2006"}],"up":[{"embeddable":true,"href":"https:\/\/selfcarehomedecor.com\/ca\/wp-json\/wp\/v2\/pages\/206"}],"wp:attachment":[{"href":"https:\/\/selfcarehomedecor.com\/ca\/wp-json\/wp\/v2\/media?parent=219"}],"curies":[{"name":"wp","href":"https:\/\/api.w.org\/{rel}","templated":true}]}}