{"id":2313,"date":"2026-01-30T13:05:48","date_gmt":"2026-01-30T12:05:48","guid":{"rendered":"https:\/\/selfcarehomedecor.com\/?page_id=2313"},"modified":"2026-01-31T16:46:05","modified_gmt":"2026-01-31T15:46:05","slug":"san-valentin-velas-romanticas","status":"publish","type":"page","link":"https:\/\/selfcarehomedecor.com\/ca\/san-valentin-velas-romanticas\/","title":{"rendered":"Velas rom\u00e1nticas para San Valent\u00edn"},"content":{"rendered":"<div data-elementor-type=\"wp-page\" data-elementor-id=\"2313\" class=\"elementor elementor-2313\" data-elementor-post-type=\"page\">\n\t\t\t\t<div class=\"elementor-element elementor-element-b750d97 e-flex e-con-boxed e-con e-parent\" data-id=\"b750d97\" data-element_type=\"container\" data-e-type=\"container\" data-settings=\"{&quot;background_background&quot;:&quot;classic&quot;}\">\n\t\t\t\t\t<div class=\"e-con-inner\">\n\t\t\t\t<div class=\"elementor-element elementor-element-745d241 elementor-widget elementor-widget-heading\" data-id=\"745d241\" data-element_type=\"widget\" data-e-type=\"widget\" data-widget_type=\"heading.default\">\n\t\t\t\t<div class=\"elementor-widget-container\">\n\t\t\t\t\t<h1 class=\"elementor-heading-title elementor-size-default\">Velas rom\u00e1nticas para San Valent\u00edn<\/h1>\t\t\t\t<\/div>\n\t\t\t\t<\/div>\n\t\t\t\t<div class=\"elementor-element elementor-element-c45df66 elementor-widget elementor-widget-heading\" data-id=\"c45df66\" data-element_type=\"widget\" data-e-type=\"widget\" data-widget_type=\"heading.default\">\n\t\t\t\t<div class=\"elementor-widget-container\">\n\t\t\t\t\t<h2 class=\"elementor-heading-title elementor-size-default\">Sorprende a tu pareja con velas artesanales y decoraci\u00f3n sostenible que crean momentos inolvidables.<\/h2>\t\t\t\t<\/div>\n\t\t\t\t<\/div>\n\t\t\t\t<div class=\"elementor-element elementor-element-bfec5c6 elementor-widget elementor-widget-heading\" data-id=\"bfec5c6\" data-element_type=\"widget\" data-e-type=\"widget\" data-widget_type=\"heading.default\">\n\t\t\t\t<div class=\"elementor-widget-container\">\n\t\t\t\t\t<h3 class=\"elementor-heading-title elementor-size-default\">UNIDADES LIMITADAS<\/h3>\t\t\t\t<\/div>\n\t\t\t\t<\/div>\n\t\t\t\t\t<\/div>\n\t\t\t\t<\/div>\n\t\t<div class=\"elementor-element elementor-element-d210db4 e-flex e-con-boxed e-con e-parent\" data-id=\"d210db4\" data-element_type=\"container\" data-e-type=\"container\">\n\t\t\t\t\t<div class=\"e-con-inner\">\n\t\t\t\t\t<\/div>\n\t\t\t\t<\/div>\n\t\t\t\t<\/div>","protected":false},"excerpt":{"rendered":"<p>Velas rom\u00e1nticas para San Valent\u00edn Sorprende a tu pareja con velas artesanales y decoraci\u00f3n sostenible que crean momentos inolvidables. UNIDADES LIMITADAS<\/p>","protected":false},"author":4,"featured_media":0,"parent":0,"menu_order":0,"comment_status":"closed","ping_status":"closed","template":"","meta":{"footnotes":""},"class_list":["post-2313","page","type-page","status-publish","hentry"],"_links":{"self":[{"href":"https:\/\/selfcarehomedecor.com\/ca\/wp-json\/wp\/v2\/pages\/2313","targetHints":{"allow":["GET"]}}],"collection":[{"href":"https:\/\/selfcarehomedecor.com\/ca\/wp-json\/wp\/v2\/pages"}],"about":[{"href":"https:\/\/selfcarehomedecor.com\/ca\/wp-json\/wp\/v2\/types\/page"}],"author":[{"embeddable":true,"href":"https:\/\/selfcarehomedecor.com\/ca\/wp-json\/wp\/v2\/users\/4"}],"replies":[{"embeddable":true,"href":"https:\/\/selfcarehomedecor.com\/ca\/wp-json\/wp\/v2\/comments?post=2313"}],"version-history":[{"count":8,"href":"https:\/\/selfcarehomedecor.com\/ca\/wp-json\/wp\/v2\/pages\/2313\/revisions"}],"predecessor-version":[{"id":2326,"href":"https:\/\/selfcarehomedecor.com\/ca\/wp-json\/wp\/v2\/pages\/2313\/revisions\/2326"}],"wp:attachment":[{"href":"https:\/\/selfcarehomedecor.com\/ca\/wp-json\/wp\/v2\/media?parent=2313"}],"curies":[{"name":"wp","href":"https:\/\/api.w.org\/{rel}","templated":true}]}}