{"id":2345,"date":"2026-03-19T19:59:42","date_gmt":"2026-03-19T18:59:42","guid":{"rendered":"https:\/\/selfcarehomedecor.com\/?post_type=product&#038;p=2345"},"modified":"2026-03-19T19:59:42","modified_gmt":"2026-03-19T18:59:42","slug":"%f0%9f%8c%b8-susurro-de-sakura","status":"publish","type":"product","link":"https:\/\/selfcarehomedecor.com\/ca\/producte\/%f0%9f%8c%b8-susurro-de-sakura\/","title":{"rendered":"\ud83c\udf38 Susurro de Sakura"},"content":{"rendered":"<h2 data-section-id=\"arbq7a\" data-start=\"1486\" data-end=\"1504\">Caracter\u00edsticas<\/h2>\n<ul data-start=\"1506\" data-end=\"1788\">\n<li data-section-id=\"1y1t71x\" data-start=\"1529\" data-end=\"1563\">\n<p data-start=\"1531\" data-end=\"1563\"><strong data-start=\"1531\" data-end=\"1540\">Cera:<\/strong> cera de soja natural<\/p>\n<\/li>\n<li data-section-id=\"blpr3t\" data-start=\"1564\" data-end=\"1605\">\n<p data-start=\"1566\" data-end=\"1605\"><strong data-start=\"1566\" data-end=\"1580\">Fragancia:<\/strong> flor de cerezo y bamb\u00fa<\/p>\n<\/li>\n<li data-section-id=\"1gznprg\" data-start=\"1606\" data-end=\"1628\">\n<p data-start=\"1608\" data-end=\"1628\"><strong data-start=\"1608\" data-end=\"1618\">Mecha:<\/strong> algod\u00f3n<\/p>\n<\/li>\n<li data-section-id=\"1tghs4k\" data-start=\"1629\" data-end=\"1704\">\n<p data-start=\"1631\" data-end=\"1704\"><strong data-start=\"1631\" data-end=\"1646\">Decoraci\u00f3n:<\/strong> flores de cera de flor de cerezo en tonos rosa y blanco<\/p>\n<\/li>\n<li data-section-id=\"p6igng\" data-start=\"1705\" data-end=\"1760\">\n<p data-start=\"1707\" data-end=\"1760\"><strong data-start=\"1707\" data-end=\"1722\">Recipiente:<\/strong> vaso de cristal templado color rosa<\/p>\n<\/li>\n<li data-section-id=\"17k4lkh\" data-start=\"1761\" data-end=\"1788\">\n<p data-start=\"1763\" data-end=\"1788\"><strong data-start=\"1763\" data-end=\"1772\">Tapa:<\/strong> bamb\u00fa natural<\/p>\n<\/li>\n<\/ul>\n<p data-start=\"1790\" data-end=\"1814\"><strong data-start=\"1790\" data-end=\"1814\">Medidas aproximadas:<\/strong><\/p>\n<ul data-start=\"1816\" data-end=\"1887\">\n<li data-section-id=\"18a8fm1\" data-start=\"1816\" data-end=\"1841\">\n<p data-start=\"1818\" data-end=\"1841\"><strong data-start=\"1818\" data-end=\"1833\">Pes total:<\/strong> 430 g<\/p>\n<\/li>\n<li data-section-id=\"15z6pex\" data-start=\"1842\" data-end=\"1864\">\n<p data-start=\"1844\" data-end=\"1864\"><strong data-start=\"1844\" data-end=\"1857\">Di\u00e1metro:<\/strong> 8 cm<\/p>\n<\/li>\n<li data-section-id=\"1n4nvsz\" data-start=\"1865\" data-end=\"1887\">\n<p data-start=\"1867\" data-end=\"1887\"><strong data-start=\"1867\" data-end=\"1878\">Altura:<\/strong> 9,5 cm<\/p>\n<\/li>\n<\/ul>","protected":false},"excerpt":{"rendered":"<p data-start=\"175\" data-end=\"538\"><em><strong>Una fragancia floral y suave que transmite calma y armon\u00eda, inspirada en la delicadeza de los cerezos en flor.<\/strong><\/em><\/p>\n<p data-start=\"175\" data-end=\"538\">Descubre la <strong data-start=\"187\" data-end=\"210\">vela de soja Sakura<\/strong>, una vela arom\u00e1tica inspirada en la belleza y delicadeza de la flor de cerezo, s\u00edmbolo de calma, renovaci\u00f3n y armon\u00eda. Su fragancia combina la suavidad floral de la <strong data-start=\"376\" data-end=\"394\">flor de cerezo<\/strong> con las notas frescas y naturales del <strong data-start=\"433\" data-end=\"442\">bamb\u00fa<\/strong>, creando un aroma equilibrado que aporta serenidad y bienestar a cualquier espacio de tu hogar.<\/p>\n<p data-start=\"540\" data-end=\"766\">El dise\u00f1o de esta vela rinde homenaje a su fragancia. Est\u00e1 presentada en un <strong data-start=\"616\" data-end=\"693\">elegante vaso de cristal templado en color rosa con tapa de bamb\u00fa natural<\/strong>, un detalle decorativo que aporta calidez y estilo a cualquier ambiente.<\/p>\n<p data-start=\"768\" data-end=\"1108\">En su interior encontrar\u00e1s una base de <strong data-start=\"807\" data-end=\"838\">cera de soja blanca natural<\/strong>, cuidadosamente decorada con <strong data-start=\"868\" data-end=\"927\">flores de cera de flor de cerezo en tonos rosa y blanco<\/strong>, que evocan la delicadeza de los p\u00e9talos en primavera. Cada vela est\u00e1 pensada para ser no solo una fuente de aroma, sino tambi\u00e9n un bonito elemento de <strong data-start=\"1079\" data-end=\"1107\">decoraci\u00f3n para el hogar<\/strong>.<\/p>\n<p data-start=\"1110\" data-end=\"1369\">Gracias a su <strong data-start=\"1123\" data-end=\"1143\">mecha de algod\u00f3n<\/strong> y a la calidad de la <strong data-start=\"1165\" data-end=\"1189\">cera de soja natural<\/strong>, la vela Sakura ofrece una combusti\u00f3n m\u00e1s limpia y duradera, ideal para momentos de relajaci\u00f3n, autocuidado o para crear un ambiente acogedor en el sal\u00f3n, el dormitorio o el ba\u00f1o.<\/p>\n<p data-start=\"1371\" data-end=\"1479\">Perfecta tambi\u00e9n como <strong data-start=\"1393\" data-end=\"1478\">idea de regalo para amantes de las velas arom\u00e1ticas, la decoraci\u00f3n y el bienestar<\/strong>.<\/p>","protected":false},"featured_media":2355,"comment_status":"open","ping_status":"closed","template":"","meta":[],"product_brand":[],"product_cat":[43,32],"product_tag":[],"class_list":{"0":"post-2345","1":"product","2":"type-product","3":"status-publish","4":"has-post-thumbnail","6":"product_cat-vela-aromatica","7":"product_cat-velas","9":"first","10":"instock","11":"shipping-taxable","12":"purchasable","13":"product-type-simple"},"_links":{"self":[{"href":"https:\/\/selfcarehomedecor.com\/ca\/wp-json\/wp\/v2\/product\/2345","targetHints":{"allow":["GET"]}}],"collection":[{"href":"https:\/\/selfcarehomedecor.com\/ca\/wp-json\/wp\/v2\/product"}],"about":[{"href":"https:\/\/selfcarehomedecor.com\/ca\/wp-json\/wp\/v2\/types\/product"}],"replies":[{"embeddable":true,"href":"https:\/\/selfcarehomedecor.com\/ca\/wp-json\/wp\/v2\/comments?post=2345"}],"wp:featuredmedia":[{"embeddable":true,"href":"https:\/\/selfcarehomedecor.com\/ca\/wp-json\/wp\/v2\/media\/2355"}],"wp:attachment":[{"href":"https:\/\/selfcarehomedecor.com\/ca\/wp-json\/wp\/v2\/media?parent=2345"}],"wp:term":[{"taxonomy":"product_brand","embeddable":true,"href":"https:\/\/selfcarehomedecor.com\/ca\/wp-json\/wp\/v2\/product_brand?post=2345"},{"taxonomy":"product_cat","embeddable":true,"href":"https:\/\/selfcarehomedecor.com\/ca\/wp-json\/wp\/v2\/product_cat?post=2345"},{"taxonomy":"product_tag","embeddable":true,"href":"https:\/\/selfcarehomedecor.com\/ca\/wp-json\/wp\/v2\/product_tag?post=2345"}],"curies":[{"name":"wp","href":"https:\/\/api.w.org\/{rel}","templated":true}]}}