{"id":274,"date":"2025-07-01T03:20:35","date_gmt":"2025-07-01T01:20:35","guid":{"rendered":"https:\/\/selfcarehomedecor.com\/?post_type=product&#038;p=274"},"modified":"2026-04-25T21:19:07","modified_gmt":"2026-04-25T19:19:07","slug":"bombones-aromaticos","status":"publish","type":"product","link":"https:\/\/selfcarehomedecor.com\/ca\/producte\/bombones-aromaticos\/","title":{"rendered":"Bombons arom\u00e0tics"},"content":{"rendered":"<p class=\"ng-star-inserted\"><strong class=\"ng-star-inserted\"><span class=\"ng-star-inserted\">Detalls del Producte:<\/span><\/strong><\/p>\n<ul class=\"ng-star-inserted\">\n<li class=\"ng-star-inserted\">\n<p class=\"ng-star-inserted\"><strong class=\"ng-star-inserted\"><span class=\"ng-star-inserted\">Format:<\/span><\/strong><span class=\"ng-star-inserted\">\u00a0Pack de\u00a0<\/span><strong class=\"ng-star-inserted\"><span class=\"ng-star-inserted\">12 bombons<\/span><\/strong><span class=\"ng-star-inserted\">\u00a0arom\u00e0tics (Wax Melts).<\/span><\/p>\n<\/li>\n<li class=\"ng-star-inserted\">\n<p class=\"ng-star-inserted\"><strong class=\"ng-star-inserted\"><span class=\"ng-star-inserted\">Pes Total:<\/span><\/strong><span class=\"ng-star-inserted\">\u00a0123,50 gr.<\/span><\/p>\n<\/li>\n<li class=\"ng-star-inserted\">\n<p class=\"ng-star-inserted\"><strong class=\"ng-star-inserted\"><span class=\"ng-star-inserted\">Material:<\/span><\/strong><span class=\"ng-star-inserted\">\u00a0Cera de soja 100% natural d\u02bbalt rendiment.<\/span><\/p>\n<\/li>\n<li class=\"ng-star-inserted\">\n<p class=\"ng-star-inserted\"><strong class=\"ng-star-inserted\"><span class=\"ng-star-inserted\">\u00das:<\/span><\/strong><span class=\"ng-star-inserted\">\u00a0Dissenyats per fondre en un\u00a0<\/span><strong class=\"ng-star-inserted\"><span class=\"ng-star-inserted\">cremador d&#039;ess\u00e8ncies<\/span><\/strong><span class=\"ng-star-inserted\">\u00a0(no tenen metxa).<\/span><\/p>\n<\/li>\n<\/ul>\n<p class=\"ng-star-inserted\"><strong class=\"ng-star-inserted\"><span class=\"ng-star-inserted\">Consell d&#039;\u00das:<\/span><\/strong><br class=\"ng-star-inserted\" \/><span class=\"ng-star-inserted\">Col\u00b7loca 1 o 2 bombons a la part superior del teu cremador (depenent de la intensitat que cerquis) i enc\u00e9n una espelma de te a la base.\u00a0<\/span><strong class=\"ng-star-inserted\"><span class=\"ng-star-inserted\">No afegeixis aigua<\/span><\/strong><span class=\"ng-star-inserted\">. Quan la cera perdi la seva aroma, deixa-la refredar, retira-la i substitueix-la per una de nova.<\/span><\/p>","protected":false},"excerpt":{"rendered":"<p class=\"ng-star-inserted\"><strong class=\"ng-star-inserted\"><span class=\"ng-star-inserted\">Bombons Arom\u00e0tics: Petites dosis de felicitat<\/span><\/strong><\/p>\n<p class=\"ng-star-inserted\"><span class=\"ng-star-inserted\">Descobreix els nostres\u00a0<\/span><strong class=\"ng-star-inserted\"><span class=\"ng-star-inserted\">Bombons Arom\u00e0tics<\/span><\/strong><span class=\"ng-star-inserted\">\u00a0(Wax Melts), la forma m\u00e9s vers\u00e0til i divertida de perfumar la teva llar. S\u00f3n petites porcions de cera d&#039;alta qualitat, carregades de frag\u00e0ncia concentrada, dissenyades per fondre&#039;s lentament i alliberar una aroma intensa i duradora.<\/span><\/p>\n<p class=\"ng-star-inserted\"><span class=\"ng-star-inserted\">A difer\u00e8ncia de les espelmes, no tenen metxa. S\u00f3n \u00abpastilles de perfum\u00bb pur que, en fondre&#039;s, desencadenen una explosi\u00f3 olfactiva capa\u00e7 d&#039;ambientar qualsevol estada en q\u00fcesti\u00f3 de minuts.<\/span><\/p>\n<p class=\"ng-star-inserted\"><strong class=\"ng-star-inserted\"><span class=\"ng-star-inserted\">Com gaudir del teu ritual?<\/span><\/strong><\/p>\n<p class=\"ng-star-inserted\"><span class=\"ng-star-inserted\">\u00c9s molt senzill i m\u00e0gic:<\/span><\/p>\n<ol class=\"ng-star-inserted\">\n<li class=\"ng-star-inserted\">\n<p class=\"ng-star-inserted\"><strong class=\"ng-star-inserted\"><span class=\"ng-star-inserted\">Trieu el vostre moment:<\/span><\/strong><span class=\"ng-star-inserted\"> Col\u00b7loca un o do dels nostres Bombons Arom\u00e0tics a la part superior del teu <\/span><strong class=\"ng-star-inserted\"><span class=\"ng-star-inserted\">cremador d&#039;ess\u00e8ncies<\/span><\/strong><span class=\"ng-star-inserted\">.<\/span><\/p>\n<\/li>\n<li class=\"ng-star-inserted\">\n<p class=\"ng-star-inserted\"><strong class=\"ng-star-inserted\"><span class=\"ng-star-inserted\">Enc\u00e9n la m\u00e0gia:<\/span><\/strong><span class=\"ng-star-inserted\">\u00a0Posa una petita espelma de te a la base del cremador.<\/span><\/p>\n<\/li>\n<li class=\"ng-star-inserted\">\n<p class=\"ng-star-inserted\"><strong class=\"ng-star-inserted\"><span class=\"ng-star-inserted\">Gaudeix:<\/span><\/strong><span class=\"ng-star-inserted\">\u00a0La calor suau fondr\u00e0 el bomb\u00f3, creant una petita piscina de cera l\u00edquida que alliberar\u00e0 la frag\u00e0ncia de forma constant.<\/span><\/p>\n<\/li>\n<\/ol>","protected":false},"featured_media":425,"comment_status":"open","ping_status":"closed","template":"","meta":[],"product_brand":[],"product_cat":[30,36],"product_tag":[57,59],"class_list":{"0":"post-274","1":"product","2":"type-product","3":"status-publish","4":"has-post-thumbnail","6":"product_cat-ambientadores","7":"product_cat-bombones-aromaticos","8":"product_tag-ambientadores","9":"product_tag-bombones-aromaticos","11":"first","12":"instock","13":"shipping-taxable","14":"purchasable","15":"product-type-variable"},"_links":{"self":[{"href":"https:\/\/selfcarehomedecor.com\/ca\/wp-json\/wp\/v2\/product\/274","targetHints":{"allow":["GET"]}}],"collection":[{"href":"https:\/\/selfcarehomedecor.com\/ca\/wp-json\/wp\/v2\/product"}],"about":[{"href":"https:\/\/selfcarehomedecor.com\/ca\/wp-json\/wp\/v2\/types\/product"}],"replies":[{"embeddable":true,"href":"https:\/\/selfcarehomedecor.com\/ca\/wp-json\/wp\/v2\/comments?post=274"}],"wp:featuredmedia":[{"embeddable":true,"href":"https:\/\/selfcarehomedecor.com\/ca\/wp-json\/wp\/v2\/media\/425"}],"wp:attachment":[{"href":"https:\/\/selfcarehomedecor.com\/ca\/wp-json\/wp\/v2\/media?parent=274"}],"wp:term":[{"taxonomy":"product_brand","embeddable":true,"href":"https:\/\/selfcarehomedecor.com\/ca\/wp-json\/wp\/v2\/product_brand?post=274"},{"taxonomy":"product_cat","embeddable":true,"href":"https:\/\/selfcarehomedecor.com\/ca\/wp-json\/wp\/v2\/product_cat?post=274"},{"taxonomy":"product_tag","embeddable":true,"href":"https:\/\/selfcarehomedecor.com\/ca\/wp-json\/wp\/v2\/product_tag?post=274"}],"curies":[{"name":"wp","href":"https:\/\/api.w.org\/{rel}","templated":true}]}}