{"id":297,"date":"2025-07-01T03:28:59","date_gmt":"2025-07-01T01:28:59","guid":{"rendered":"https:\/\/selfcarehomedecor.com\/?post_type=product&#038;p=297"},"modified":"2026-04-25T20:39:54","modified_gmt":"2026-04-25T18:39:54","slug":"jarron-rostro-mujer","status":"publish","type":"product","link":"https:\/\/selfcarehomedecor.com\/ca\/producte\/jarron-rostro-mujer\/","title":{"rendered":"Gerro Rostre Dona"},"content":{"rendered":"<p><span data-sheets-root=\"1\">Pes total: 375 gr. Llarg: 10,5 cm. Ample: 7,5 cm. Alt: 9,5 cm.<\/span><\/p>\n<p><span data-sheets-root=\"1\"> Material: resina ecol\u00f2gica.<\/span><\/p>\n<p class=\"ng-star-inserted\"><strong class=\"ng-star-inserted\"><span class=\"ng-star-inserted\">\u00das i Cures:<\/span><\/strong><\/p>\n<ul class=\"ng-star-inserted\">\n<li class=\"ng-star-inserted\">\n<p class=\"ng-star-inserted\"><strong class=\"ng-star-inserted\"><span class=\"ng-star-inserted\">Flors:<\/span><\/strong><span class=\"ng-star-inserted\">\u00a0Pe\u00e7a dissenyada\u00a0<\/span><strong class=\"ng-star-inserted\"><span class=\"ng-star-inserted\">exclusivament per a flors seques o preservades<\/span><\/strong><span class=\"ng-star-inserted\">. Per la seva naturalesa porosa, no l&#039;omplis d&#039;aigua directament (si uses flors fresques, col\u00b7loca un gotet interior).<\/span><\/p>\n<\/li>\n<li class=\"ng-star-inserted\">\n<p class=\"ng-star-inserted\"><strong class=\"ng-star-inserted\"><span class=\"ng-star-inserted\">Neteja:<\/span><\/strong><span class=\"ng-star-inserted\">\u00a0Per mantenir-lo impecable, neteja-ho suaument amb un\u00a0<\/span><strong class=\"ng-star-inserted\"><span class=\"ng-star-inserted\">drap suau o de microfibra<\/span><\/strong><span class=\"ng-star-inserted\">\u00a0lleugerament humit. Evita productes qu\u00edmics agressius per protegir-ne l&#039;acabat natural.<\/span><\/p>\n<\/li>\n<\/ul>","protected":false},"excerpt":{"rendered":"<p class=\"ng-star-inserted\"><strong class=\"ng-star-inserted\"><span class=\"ng-star-inserted\">Gerro Rostre Dona: Art i Feminitat<\/span><\/strong><\/p>\n<p class=\"ng-star-inserted\"><span class=\"ng-star-inserted\">Una oda a la bellesa feta escultura. Aquest gerro ret homenatge a la feminitat amb uns tra\u00e7os suaus i moderns que capturen una expressi\u00f3 de serenitat absoluta. \u00c9s una pe\u00e7a amb \u00e0nima, dissenyada per aportar sensibilitat, car\u00e0cter i un toc art\u00edstic a casa teva.<\/span><\/p>\n<p class=\"ng-star-inserted\"><span class=\"ng-star-inserted\">La m\u00e0gia acaba de sorgir amb tu: utilitza les teves flors seques o preservades preferides per crear-li un \u00abtocat\u00bb natural \u00fanic. Aix\u00ed, fusiones la puresa de l&#039;escultura amb la frescor de la natura, convertint un simple arranjament floral en una obra d&#039;art viva.<\/span><\/p>","protected":false},"featured_media":441,"comment_status":"open","ping_status":"closed","template":"","meta":[],"product_brand":[],"product_cat":[31,40],"product_tag":[60,62],"class_list":{"0":"post-297","1":"product","2":"type-product","3":"status-publish","4":"has-post-thumbnail","6":"product_cat-decoracion","7":"product_cat-jarron","8":"product_tag-decoracion","9":"product_tag-jarron","11":"first","12":"instock","13":"shipping-taxable","14":"purchasable","15":"product-type-simple"},"_links":{"self":[{"href":"https:\/\/selfcarehomedecor.com\/ca\/wp-json\/wp\/v2\/product\/297","targetHints":{"allow":["GET"]}}],"collection":[{"href":"https:\/\/selfcarehomedecor.com\/ca\/wp-json\/wp\/v2\/product"}],"about":[{"href":"https:\/\/selfcarehomedecor.com\/ca\/wp-json\/wp\/v2\/types\/product"}],"replies":[{"embeddable":true,"href":"https:\/\/selfcarehomedecor.com\/ca\/wp-json\/wp\/v2\/comments?post=297"}],"wp:featuredmedia":[{"embeddable":true,"href":"https:\/\/selfcarehomedecor.com\/ca\/wp-json\/wp\/v2\/media\/441"}],"wp:attachment":[{"href":"https:\/\/selfcarehomedecor.com\/ca\/wp-json\/wp\/v2\/media?parent=297"}],"wp:term":[{"taxonomy":"product_brand","embeddable":true,"href":"https:\/\/selfcarehomedecor.com\/ca\/wp-json\/wp\/v2\/product_brand?post=297"},{"taxonomy":"product_cat","embeddable":true,"href":"https:\/\/selfcarehomedecor.com\/ca\/wp-json\/wp\/v2\/product_cat?post=297"},{"taxonomy":"product_tag","embeddable":true,"href":"https:\/\/selfcarehomedecor.com\/ca\/wp-json\/wp\/v2\/product_tag?post=297"}],"curies":[{"name":"wp","href":"https:\/\/api.w.org\/{rel}","templated":true}]}}