{"id":298,"date":"2025-07-01T03:30:17","date_gmt":"2025-07-01T01:30:17","guid":{"rendered":"https:\/\/selfcarehomedecor.com\/?post_type=product&#038;p=298"},"modified":"2026-02-08T22:47:26","modified_gmt":"2026-02-08T21:47:26","slug":"jarron-halo","status":"publish","type":"product","link":"https:\/\/selfcarehomedecor.com\/ca\/producte\/jarron-halo\/","title":{"rendered":"Gerro Halo"},"content":{"rendered":"<p><span data-sheets-root=\"1\">Pes total: 385 gr. L<\/span><span data-sheets-root=\"1\">arg: 13 cm. Ample: 4 cm. Alt: 11 cm. <\/span><\/p>\n<p><span data-sheets-root=\"1\">Material: resina ecol\u00f2gica. <\/span><\/p>\n<p><span data-sheets-root=\"1\"><strong>(Flors no incloses).<\/strong><\/span><\/p>\n<p class=\"ng-star-inserted\"><strong class=\"ng-star-inserted\"><span class=\"ng-star-inserted\">\u00das i Cures:<\/span><\/strong><\/p>\n<ul class=\"ng-star-inserted\">\n<li class=\"ng-star-inserted\">\n<p class=\"ng-star-inserted\"><strong class=\"ng-star-inserted\"><span class=\"ng-star-inserted\">Flors:<\/span><\/strong><span class=\"ng-star-inserted\">\u00a0Pe\u00e7a dissenyada\u00a0<\/span><strong class=\"ng-star-inserted\"><span class=\"ng-star-inserted\">exclusivament per a flors seques o preservades<\/span><\/strong><span class=\"ng-star-inserted\">. Per la seva naturalesa porosa, no l&#039;omplis d&#039;aigua directament (si uses flors fresques, col\u00b7loca un gotet interior).<\/span><\/p>\n<\/li>\n<li class=\"ng-star-inserted\">\n<p class=\"ng-star-inserted\"><strong class=\"ng-star-inserted\"><span class=\"ng-star-inserted\">Neteja:<\/span><\/strong><span class=\"ng-star-inserted\">\u00a0Per mantenir-lo impecable, neteja-ho suaument amb un\u00a0<\/span><strong class=\"ng-star-inserted\"><span class=\"ng-star-inserted\">drap suau o de microfibra<\/span><\/strong><span class=\"ng-star-inserted\">\u00a0lleugerament humit. Evita productes qu\u00edmics agressius per protegir-ne l&#039;acabat natural.<\/span><\/p>\n<\/li>\n<\/ul>","protected":false},"excerpt":{"rendered":"<p class=\"ng-star-inserted\"><strong class=\"ng-star-inserted\"><span class=\"ng-star-inserted\">Gerro Halo: Escultura d&#039;Harmonia<\/span><\/strong><\/p>\n<p class=\"ng-star-inserted\"><span class=\"ng-star-inserted\">M\u00e9s que un gerro, una pe\u00e7a dequilibri.\u00a0<\/span><strong class=\"ng-star-inserted\"><span class=\"ng-star-inserted\">Inspirat en la forma d&#039;un halo de llum<\/span><\/strong><span class=\"ng-star-inserted\">, aquest disseny crea una \u00abfinestra\u00bb circular que deixa passar la claredat i aporta lleugeresa visual al?espai. Les l\u00ednies cont\u00ednues i suaus, sense principi ni fi, transmeten una sensaci\u00f3 immediata de calma i flu\u00efdesa.<\/span><\/p>\n<p class=\"ng-star-inserted\"><span class=\"ng-star-inserted\">\u00c9s una escultura moderna dissenyada per ser centre de totes les mirades sense trencar l&#039;harmonia de l&#039;ambient. Queda espectacular per si sol com a objecte minimalista o acompanyat d&#039;unes senzilles tiges de flors seques que n&#039;accentu\u00efn l&#039;eleg\u00e0ncia.<\/span><\/p>","protected":false},"featured_media":1394,"comment_status":"open","ping_status":"closed","template":"","meta":[],"product_brand":[],"product_cat":[31,40],"product_tag":[60,62],"class_list":{"0":"post-298","1":"product","2":"type-product","3":"status-publish","4":"has-post-thumbnail","6":"product_cat-decoracion","7":"product_cat-jarron","8":"product_tag-decoracion","9":"product_tag-jarron","11":"first","12":"instock","13":"shipping-taxable","14":"purchasable","15":"product-type-simple"},"_links":{"self":[{"href":"https:\/\/selfcarehomedecor.com\/ca\/wp-json\/wp\/v2\/product\/298","targetHints":{"allow":["GET"]}}],"collection":[{"href":"https:\/\/selfcarehomedecor.com\/ca\/wp-json\/wp\/v2\/product"}],"about":[{"href":"https:\/\/selfcarehomedecor.com\/ca\/wp-json\/wp\/v2\/types\/product"}],"replies":[{"embeddable":true,"href":"https:\/\/selfcarehomedecor.com\/ca\/wp-json\/wp\/v2\/comments?post=298"}],"wp:featuredmedia":[{"embeddable":true,"href":"https:\/\/selfcarehomedecor.com\/ca\/wp-json\/wp\/v2\/media\/1394"}],"wp:attachment":[{"href":"https:\/\/selfcarehomedecor.com\/ca\/wp-json\/wp\/v2\/media?parent=298"}],"wp:term":[{"taxonomy":"product_brand","embeddable":true,"href":"https:\/\/selfcarehomedecor.com\/ca\/wp-json\/wp\/v2\/product_brand?post=298"},{"taxonomy":"product_cat","embeddable":true,"href":"https:\/\/selfcarehomedecor.com\/ca\/wp-json\/wp\/v2\/product_cat?post=298"},{"taxonomy":"product_tag","embeddable":true,"href":"https:\/\/selfcarehomedecor.com\/ca\/wp-json\/wp\/v2\/product_tag?post=298"}],"curies":[{"name":"wp","href":"https:\/\/api.w.org\/{rel}","templated":true}]}}