{"id":301,"date":"2025-07-01T03:33:01","date_gmt":"2025-07-01T01:33:01","guid":{"rendered":"https:\/\/selfcarehomedecor.com\/?post_type=product&#038;p=301"},"modified":"2026-04-25T20:39:50","modified_gmt":"2026-04-25T18:39:50","slug":"bandeja-hoja-de-ginkg","status":"publish","type":"product","link":"https:\/\/selfcarehomedecor.com\/ca\/producte\/bandeja-hoja-de-ginkg\/","title":{"rendered":"Safata Full de Ginkg"},"content":{"rendered":"<p><span data-sheets-root=\"1\">Pes total: 205 gr. Llarg: 18 cm. Ample: 1,5 cm. Alt: 14,5 cm. <\/span><\/p>\n<p><span data-sheets-root=\"1\">Material: resina ecol\u00f2gica. <\/span><\/p>\n<p><span data-sheets-root=\"1\"><strong>(No s&#039;hi inclouen els pendents).<\/strong><\/span><\/p>\n<p class=\"ng-star-inserted\"><strong class=\"ng-star-inserted\"><span class=\"ng-star-inserted\">\u00das i Cures:<\/span><\/strong><\/p>\n<ul class=\"ng-star-inserted\">\n<li class=\"ng-star-inserted\">\n<p class=\"ng-star-inserted\"><strong class=\"ng-star-inserted\"><span class=\"ng-star-inserted\">Neteja:<\/span><\/strong><span class=\"ng-star-inserted\">\u00a0Per mantenir el seu acabat mat impecable, neteja-la amb un\u00a0<\/span><strong class=\"ng-star-inserted\"><span class=\"ng-star-inserted\">drap suau o de microfibra<\/span><\/strong><span class=\"ng-star-inserted\">\u00a0lleugerament humit.<\/span><\/p>\n<\/li>\n<li class=\"ng-star-inserted\">\n<p class=\"ng-star-inserted\"><strong class=\"ng-star-inserted\"><span class=\"ng-star-inserted\">Precauci\u00f3:<\/span><\/strong><span class=\"ng-star-inserted\">\u00a0La resina ecol\u00f2gica \u00e9s un material por\u00f3s. Neteja qualsevol taca forta (com maquillatge o olis) com m\u00e9s aviat millor per evitar marques permanents. Evita objectes esmolats.<\/span><\/p>\n<\/li>\n<\/ul>","protected":false},"excerpt":{"rendered":"<p class=\"ng-star-inserted\"><strong class=\"ng-star-inserted\"><span class=\"ng-star-inserted\">Full de Ginkgo: Bellesa Bot\u00e0nica<\/span><\/strong><\/p>\n<p class=\"ng-star-inserted\"><span class=\"ng-star-inserted\">Un petit tros de naturalesa immortalitzat en resina. Aquesta safata captura l&#039;eleg\u00e0ncia \u00fanica de la fulla de Ginkgo, amb la seva caracter\u00edstica forma de ventall i les seves delicades nervadures amb relleu.<\/span><\/p>\n<p class=\"ng-star-inserted\"><span class=\"ng-star-inserted\">\u00c9s la pe\u00e7a perfecta per afegir un toc org\u00e0nic i ser\u00e8 a la teva decoraci\u00f3. El seu disseny fluid trenca la rigidesa de les superf\u00edcies llises, convertint-la en el suport ideal per deixar els teus anells a la tauleta de nit, guardar els teus pendents favorits o dipositar una barra de Palo Santo.<\/span><\/p>","protected":false},"featured_media":408,"comment_status":"open","ping_status":"closed","template":"","meta":[],"product_brand":[],"product_cat":[35,31],"product_tag":[60],"class_list":{"0":"post-301","1":"product","2":"type-product","3":"status-publish","4":"has-post-thumbnail","6":"product_cat-bandeja","7":"product_cat-decoracion","8":"product_tag-decoracion","10":"first","11":"instock","12":"shipping-taxable","13":"purchasable","14":"product-type-simple"},"_links":{"self":[{"href":"https:\/\/selfcarehomedecor.com\/ca\/wp-json\/wp\/v2\/product\/301","targetHints":{"allow":["GET"]}}],"collection":[{"href":"https:\/\/selfcarehomedecor.com\/ca\/wp-json\/wp\/v2\/product"}],"about":[{"href":"https:\/\/selfcarehomedecor.com\/ca\/wp-json\/wp\/v2\/types\/product"}],"replies":[{"embeddable":true,"href":"https:\/\/selfcarehomedecor.com\/ca\/wp-json\/wp\/v2\/comments?post=301"}],"wp:featuredmedia":[{"embeddable":true,"href":"https:\/\/selfcarehomedecor.com\/ca\/wp-json\/wp\/v2\/media\/408"}],"wp:attachment":[{"href":"https:\/\/selfcarehomedecor.com\/ca\/wp-json\/wp\/v2\/media?parent=301"}],"wp:term":[{"taxonomy":"product_brand","embeddable":true,"href":"https:\/\/selfcarehomedecor.com\/ca\/wp-json\/wp\/v2\/product_brand?post=301"},{"taxonomy":"product_cat","embeddable":true,"href":"https:\/\/selfcarehomedecor.com\/ca\/wp-json\/wp\/v2\/product_cat?post=301"},{"taxonomy":"product_tag","embeddable":true,"href":"https:\/\/selfcarehomedecor.com\/ca\/wp-json\/wp\/v2\/product_tag?post=301"}],"curies":[{"name":"wp","href":"https:\/\/api.w.org\/{rel}","templated":true}]}}