{"id":444,"date":"2025-07-01T16:56:20","date_gmt":"2025-07-01T14:56:20","guid":{"rendered":"https:\/\/selfcarehomedecor.com\/?post_type=product&#038;p=444"},"modified":"2026-01-20T19:15:19","modified_gmt":"2026-01-20T18:15:19","slug":"quemador-2","status":"publish","type":"product","link":"https:\/\/selfcarehomedecor.com\/ca\/producte\/quemador-2\/","title":{"rendered":"Cremador"},"content":{"rendered":"<p class=\"ng-star-inserted\"><strong class=\"ng-star-inserted\"><span class=\"ng-star-inserted\">Detalls del Producte:<\/span><\/strong><\/p>\n<ul class=\"ng-star-inserted\">\n<li class=\"ng-star-inserted\">\n<p class=\"ng-star-inserted\"><strong class=\"ng-star-inserted\"><span class=\"ng-star-inserted\">Mesures:<\/span><\/strong><span class=\"ng-star-inserted\">\u00a012 cm (Llarg) x 12 cm (Alt) | Ample: 5 cm.<\/span><\/p>\n<\/li>\n<li class=\"ng-star-inserted\">\n<p class=\"ng-star-inserted\"><strong class=\"ng-star-inserted\"><span class=\"ng-star-inserted\">Pes Total:<\/span><\/strong><span class=\"ng-star-inserted\">\u00a0499 gr (Pe\u00e7a s\u00f2lida amb gran estabilitat).<\/span><\/p>\n<\/li>\n<li class=\"ng-star-inserted\">\n<p class=\"ng-star-inserted\"><strong class=\"ng-star-inserted\"><span class=\"ng-star-inserted\">Material:<\/span><\/strong><span class=\"ng-star-inserted\">\u00a0Resina ecol\u00f2gica artesanal.<\/span><\/p>\n<\/li>\n<li class=\"ng-star-inserted\">\n<p class=\"ng-star-inserted\"><strong class=\"ng-star-inserted\"><span class=\"ng-star-inserted\">Cures:<\/span><\/strong><span class=\"ng-star-inserted\">\u00a0Netejar amb un drap suau o de microfibra lleugerament humit. Evita productes qu\u00edmics abrasius.<\/span><\/p>\n<\/li>\n<\/ul>","protected":false},"excerpt":{"rendered":"<p><strong class=\"ng-star-inserted\"><span class=\"ng-star-inserted\">Cremador per a Wax Melts: Funcionalitat i Bellesa<\/span><\/strong><\/p>\n<p class=\"ng-star-inserted\"><span class=\"ng-star-inserted\">L&#039;escenari perfecte pels teus\u00a0<\/span><strong class=\"ng-star-inserted\"><span class=\"ng-star-inserted\">Bombons Arom\u00e0tics<\/span><\/strong><span class=\"ng-star-inserted\">. Aquest cremador fusiona\u00a0<\/span><strong class=\"ng-star-inserted\"><span class=\"ng-star-inserted\">disseny i utilitat<\/span><\/strong><span class=\"ng-star-inserted\">: no \u00e9s nom\u00e9s el suport ideal per fondre la cera de forma segura, sin\u00f3 una pe\u00e7a decorativa capa\u00e7 d&#039;embellir qualsevol rac\u00f3 de casa teva, fins i tot quan est\u00e0 apagada.<\/span><\/p>\n<p class=\"ng-star-inserted\"><span class=\"ng-star-inserted\">Fabricat per resistir la calor, la seva estructura permet una\u00a0<\/span><strong class=\"ng-star-inserted\"><span class=\"ng-star-inserted\">difusi\u00f3 suau i constant<\/span><\/strong><span class=\"ng-star-inserted\">. En col\u00b7locar la vela de te, la calor es distribueix uniformement per alliberar la frag\u00e0ncia sense cremar-la, mentre projecta una llum t\u00e8nue i acollidora. \u00c9s la manera m\u00e9s elegant i neta de transformar l&#039;atmosfera de casa teva en minuts.<\/span><\/p>\n<p>Simplement col \u00b7 loca una espelma de te a la base i el teu bomb\u00f3 a la part superior.<\/p>\n<p>Recorda fer-lo servir sempre amb espelmes de te sense aroma (tealights) per no alterar la frag\u00e0ncia dels teus bombons.<\/p>\n<hr class=\"ng-star-inserted\" \/>","protected":false},"featured_media":1462,"comment_status":"open","ping_status":"closed","template":"","meta":[],"product_brand":[],"product_cat":[30,42],"product_tag":[57,58],"class_list":{"0":"post-444","1":"product","2":"type-product","3":"status-publish","4":"has-post-thumbnail","6":"product_cat-ambientadores","7":"product_cat-quemador","8":"product_tag-ambientadores","9":"product_tag-quemador","11":"first","12":"instock","13":"shipping-taxable","14":"purchasable","15":"product-type-simple"},"_links":{"self":[{"href":"https:\/\/selfcarehomedecor.com\/ca\/wp-json\/wp\/v2\/product\/444","targetHints":{"allow":["GET"]}}],"collection":[{"href":"https:\/\/selfcarehomedecor.com\/ca\/wp-json\/wp\/v2\/product"}],"about":[{"href":"https:\/\/selfcarehomedecor.com\/ca\/wp-json\/wp\/v2\/types\/product"}],"replies":[{"embeddable":true,"href":"https:\/\/selfcarehomedecor.com\/ca\/wp-json\/wp\/v2\/comments?post=444"}],"wp:featuredmedia":[{"embeddable":true,"href":"https:\/\/selfcarehomedecor.com\/ca\/wp-json\/wp\/v2\/media\/1462"}],"wp:attachment":[{"href":"https:\/\/selfcarehomedecor.com\/ca\/wp-json\/wp\/v2\/media?parent=444"}],"wp:term":[{"taxonomy":"product_brand","embeddable":true,"href":"https:\/\/selfcarehomedecor.com\/ca\/wp-json\/wp\/v2\/product_brand?post=444"},{"taxonomy":"product_cat","embeddable":true,"href":"https:\/\/selfcarehomedecor.com\/ca\/wp-json\/wp\/v2\/product_cat?post=444"},{"taxonomy":"product_tag","embeddable":true,"href":"https:\/\/selfcarehomedecor.com\/ca\/wp-json\/wp\/v2\/product_tag?post=444"}],"curies":[{"name":"wp","href":"https:\/\/api.w.org\/{rel}","templated":true}]}}