{"id":203,"date":"2025-06-30T03:01:55","date_gmt":"2025-06-30T01:01:55","guid":{"rendered":"https:\/\/selfcarehomedecor.com\/?page_id=203"},"modified":"2025-09-03T10:35:13","modified_gmt":"2025-09-03T08:35:13","slug":"sobre-nosotros","status":"publish","type":"page","link":"https:\/\/selfcarehomedecor.com\/en\/sobre-nosotros\/","title":{"rendered":"About us"},"content":{"rendered":"<div data-elementor-type=\"wp-page\" data-elementor-id=\"203\" class=\"elementor elementor-203\" data-elementor-post-type=\"page\">\n\t\t\t\t<div class=\"elementor-element elementor-element-dbcc254 e-flex e-con-boxed e-con e-parent\" data-id=\"dbcc254\" data-element_type=\"container\" data-e-type=\"container\" data-settings=\"{&quot;background_background&quot;:&quot;classic&quot;}\">\n\t\t\t\t\t<div class=\"e-con-inner\">\n\t\t<div class=\"elementor-element elementor-element-727b266 e-con-full e-flex e-con e-child\" data-id=\"727b266\" data-element_type=\"container\" data-e-type=\"container\">\n\t\t\t\t<div class=\"elementor-element elementor-element-10c357e elementor-invisible elementor-widget elementor-widget-heading\" data-id=\"10c357e\" data-element_type=\"widget\" data-e-type=\"widget\" data-settings=\"{&quot;_animation&quot;:&quot;fadeInLeft&quot;}\" data-widget_type=\"heading.default\">\n\t\t\t\t<div class=\"elementor-widget-container\">\n\t\t\t\t\t<h1 class=\"elementor-heading-title elementor-size-default\">Who we are at Selfcare Home Decor, sustainable decoration for your home<\/h1>\t\t\t\t<\/div>\n\t\t\t\t<\/div>\n\t\t\t\t<div class=\"elementor-element elementor-element-8ab7474 elementor-invisible elementor-widget elementor-widget-woocommerce-breadcrumb\" data-id=\"8ab7474\" data-element_type=\"widget\" data-e-type=\"widget\" data-settings=\"{&quot;_animation&quot;:&quot;fadeInLeft&quot;,&quot;_animation_delay&quot;:100}\" data-widget_type=\"woocommerce-breadcrumb.default\">\n\t\t\t\t<div class=\"elementor-widget-container\">\n\t\t\t\t\t<nav class=\"woocommerce-breadcrumb\" aria-label=\"Breadcrumb\" data-no-translation=\"\" data-trp-gettext=\"\">Home<\/nav>\t\t\t\t<\/div>\n\t\t\t\t<\/div>\n\t\t\t\t<\/div>\n\t\t\t\t\t<\/div>\n\t\t\t\t<\/div>\n\t\t<div class=\"elementor-element elementor-element-27265d4 e-flex e-con-boxed e-con e-parent\" data-id=\"27265d4\" data-element_type=\"container\" data-e-type=\"container\" data-settings=\"{&quot;background_background&quot;:&quot;classic&quot;}\">\n\t\t\t\t\t<div class=\"e-con-inner\">\n\t\t<div class=\"elementor-element elementor-element-256e87d e-con-full e-flex e-con e-child\" data-id=\"256e87d\" data-element_type=\"container\" data-e-type=\"container\" data-settings=\"{&quot;background_background&quot;:&quot;classic&quot;}\">\n\t\t\t\t<\/div>\n\t\t<div class=\"elementor-element elementor-element-21671af e-con-full e-flex e-con e-child\" data-id=\"21671af\" data-element_type=\"container\" data-e-type=\"container\">\n\t\t\t\t<div class=\"elementor-element elementor-element-382c88c elementor-invisible elementor-widget elementor-widget-heading\" data-id=\"382c88c\" data-element_type=\"widget\" data-e-type=\"widget\" data-settings=\"{&quot;_animation&quot;:&quot;fadeInUp&quot;}\" data-widget_type=\"heading.default\">\n\t\t\t\t<div class=\"elementor-widget-container\">\n\t\t\t\t\t<h6 class=\"elementor-heading-title elementor-size-default\">About us<\/h6>\t\t\t\t<\/div>\n\t\t\t\t<\/div>\n\t\t\t\t<div class=\"elementor-element elementor-element-729166d elementor-invisible elementor-widget elementor-widget-heading\" data-id=\"729166d\" data-element_type=\"widget\" data-e-type=\"widget\" data-settings=\"{&quot;_animation&quot;:&quot;fadeInRight&quot;}\" data-widget_type=\"heading.default\">\n\t\t\t\t<div class=\"elementor-widget-container\">\n\t\t\t\t\t<h2 class=\"elementor-heading-title elementor-size-default\">Commitment to sustainability and responsible design\n\n\n<\/h2>\t\t\t\t<\/div>\n\t\t\t\t<\/div>\n\t\t\t\t<div class=\"elementor-element elementor-element-7989086 elementor-invisible elementor-widget elementor-widget-text-editor\" data-id=\"7989086\" data-element_type=\"widget\" data-e-type=\"widget\" data-settings=\"{&quot;_animation&quot;:&quot;fadeInRight&quot;,&quot;_animation_delay&quot;:240}\" data-widget_type=\"text-editor.default\">\n\t\t\t\t<div class=\"elementor-widget-container\">\n\t\t\t\t\t\t\t\t\t<p>Selfcare Home Decor was born from a passion for home design and environmental responsibility. We believe it&#039;s possible to create welcoming and aesthetically pleasing spaces using products that don&#039;t harm the planet. We are a team of people committed to sustainability, focusing on biodegradable materials, artisanal processes, and an ethical approach to every detail.\u00a0<\/p><p>Self-care is a commitment to consciously caring for oneself, taking steps to maintain and improve physical, mental, emotional, and spiritual health and well-being.<\/p><p>Self-care nourishes the body, mind, and spirit, and its benefits are reflected in our quality of life. Therefore, it is a fundamental pillar on which the foundation for a full, healthy, happy, and balanced life is built.<\/p><p>So Self Care Home Decor was born from a personal situation where, during a period of my life, daily life was very difficult and chaotic, and self-care was and is a vital foundation for improvement and success in all facets.<\/p>\t\t\t\t\t\t\t\t<\/div>\n\t\t\t\t<\/div>\n\t\t\t\t<\/div>\n\t\t\t\t\t<\/div>\n\t\t\t\t<\/div>\n\t\t<div class=\"elementor-element elementor-element-207ead1 e-flex e-con-boxed e-con e-parent\" data-id=\"207ead1\" data-element_type=\"container\" data-e-type=\"container\" data-settings=\"{&quot;background_background&quot;:&quot;classic&quot;}\">\n\t\t\t\t\t<div class=\"e-con-inner\">\n\t\t<div class=\"elementor-element elementor-element-1614b7b e-con-full e-flex e-con e-child\" data-id=\"1614b7b\" data-element_type=\"container\" data-e-type=\"container\">\n\t\t\t\t<div class=\"elementor-element elementor-element-a764080 elementor-invisible elementor-widget elementor-widget-image\" data-id=\"a764080\" data-element_type=\"widget\" data-e-type=\"widget\" data-settings=\"{&quot;_animation&quot;:&quot;fadeInLeft&quot;}\" data-widget_type=\"image.default\">\n\t\t\t\t<div class=\"elementor-widget-container\">\n\t\t\t\t\t\t\t\t\t\t\t\t\t\t\t<img fetchpriority=\"high\" decoding=\"async\" width=\"1536\" height=\"1024\" src=\"https:\/\/selfcarehomedecor.com\/wp-content\/uploads\/2025\/08\/Decoracion-calida-y-serena.png\" class=\"attachment-full size-full wp-image-1692\" alt=\"\" srcset=\"https:\/\/selfcarehomedecor.com\/wp-content\/uploads\/2025\/08\/Decoracion-calida-y-serena.png 1536w, https:\/\/selfcarehomedecor.com\/wp-content\/uploads\/2025\/08\/Decoracion-calida-y-serena-300x200.png 300w, https:\/\/selfcarehomedecor.com\/wp-content\/uploads\/2025\/08\/Decoracion-calida-y-serena-1024x683.png 1024w, https:\/\/selfcarehomedecor.com\/wp-content\/uploads\/2025\/08\/Decoracion-calida-y-serena-768x512.png 768w, https:\/\/selfcarehomedecor.com\/wp-content\/uploads\/2025\/08\/Decoracion-calida-y-serena-600x400.png 600w\" sizes=\"(max-width: 1536px) 100vw, 1536px\" \/>\t\t\t\t\t\t\t\t\t\t\t\t\t\t\t<\/div>\n\t\t\t\t<\/div>\n\t\t\t\t<\/div>\n\t\t<div class=\"elementor-element elementor-element-49ee50f e-con-full e-flex e-con e-child\" data-id=\"49ee50f\" data-element_type=\"container\" data-e-type=\"container\">\n\t\t\t\t<div class=\"elementor-element elementor-element-69dc1c4 elementor-invisible elementor-widget elementor-widget-heading\" data-id=\"69dc1c4\" data-element_type=\"widget\" data-e-type=\"widget\" data-settings=\"{&quot;_animation&quot;:&quot;fadeInRight&quot;}\" data-widget_type=\"heading.default\">\n\t\t\t\t<div class=\"elementor-widget-container\">\n\t\t\t\t\t<h2 class=\"elementor-heading-title elementor-size-default\">History, philosophy and distinctive values of Selfcare Home Decor\n\n\n\n<\/h2>\t\t\t\t<\/div>\n\t\t\t\t<\/div>\n\t\t\t\t<div class=\"elementor-element elementor-element-44c04a5 elementor-invisible elementor-widget elementor-widget-text-editor\" data-id=\"44c04a5\" data-element_type=\"widget\" data-e-type=\"widget\" data-settings=\"{&quot;_animation&quot;:&quot;fadeInRight&quot;,&quot;_animation_delay&quot;:240}\" data-widget_type=\"text-editor.default\">\n\t\t\t\t<div class=\"elementor-widget-container\">\n\t\t\t\t\t\t\t\t\t<p>Our story begins with a personal desire to offer real alternatives to conventional home decor products, which are often mass-produced and made with unsustainable materials. <br \/>Our greatest distinguishing value lies in the traceability of each product, the transparency of our processes, and the honest communication about the origin of all our materials. We are defined by:<\/p>\t\t\t\t\t\t\t\t<\/div>\n\t\t\t\t<\/div>\n\t\t\t\t<div class=\"elementor-element elementor-element-df80ae4 elementor-icon-list--layout-traditional elementor-list-item-link-full_width elementor-widget elementor-widget-icon-list\" data-id=\"df80ae4\" data-element_type=\"widget\" data-e-type=\"widget\" data-widget_type=\"icon-list.default\">\n\t\t\t\t<div class=\"elementor-widget-container\">\n\t\t\t\t\t\t\t<ul class=\"elementor-icon-list-items\">\n\t\t\t\t\t\t\t<li class=\"elementor-icon-list-item\">\n\t\t\t\t\t\t\t\t\t\t\t<span class=\"elementor-icon-list-icon\">\n\t\t\t\t\t\t\t<i aria-hidden=\"true\" class=\"icon icon-checkmark-circle\"><\/i>\t\t\t\t\t\t<\/span>\n\t\t\t\t\t\t\t\t\t\t<span class=\"elementor-icon-list-text\">Priority choice of ecological and biodegradable raw materials<\/span>\n\t\t\t\t\t\t\t\t\t<\/li>\n\t\t\t\t\t\t\t\t<li class=\"elementor-icon-list-item\">\n\t\t\t\t\t\t\t\t\t\t\t<span class=\"elementor-icon-list-icon\">\n\t\t\t\t\t\t\t<i aria-hidden=\"true\" class=\"icon icon-checkmark-circle\"><\/i>\t\t\t\t\t\t<\/span>\n\t\t\t\t\t\t\t\t\t\t<span class=\"elementor-icon-list-text\">Complete elimination of unnecessary packaging and plastic components<\/span>\n\t\t\t\t\t\t\t\t\t<\/li>\n\t\t\t\t\t\t\t\t<li class=\"elementor-icon-list-item\">\n\t\t\t\t\t\t\t\t\t\t\t<span class=\"elementor-icon-list-icon\">\n\t\t\t\t\t\t\t<i aria-hidden=\"true\" class=\"icon icon-checkmark-circle\"><\/i>\t\t\t\t\t\t<\/span>\n\t\t\t\t\t\t\t\t\t\t<span class=\"elementor-icon-list-text\">Timeless design, moving away from passing fads to ensure long-lasting products<\/span>\n\t\t\t\t\t\t\t\t\t<\/li>\n\t\t\t\t\t\t\t\t<li class=\"elementor-icon-list-item\">\n\t\t\t\t\t\t\t\t\t\t\t<span class=\"elementor-icon-list-icon\">\n\t\t\t\t\t\t\t<i aria-hidden=\"true\" class=\"icon icon-checkmark-circle\"><\/i>\t\t\t\t\t\t<\/span>\n\t\t\t\t\t\t\t\t\t\t<span class=\"elementor-icon-list-text\">Commitment to the local economy and artisan workshops<\/span>\n\t\t\t\t\t\t\t\t\t<\/li>\n\t\t\t\t\t\t<\/ul>\n\t\t\t\t\t\t<\/div>\n\t\t\t\t<\/div>\n\t\t\t\t<\/div>\n\t\t\t\t\t<\/div>\n\t\t\t\t<\/div>\n\t\t<div class=\"elementor-element elementor-element-744718b e-flex e-con-boxed e-con e-parent\" data-id=\"744718b\" data-element_type=\"container\" data-e-type=\"container\" data-settings=\"{&quot;background_background&quot;:&quot;classic&quot;}\">\n\t\t\t\t\t<div class=\"e-con-inner\">\n\t\t<div class=\"elementor-element elementor-element-dcad42c e-con-full e-flex elementor-invisible e-con e-child\" data-id=\"dcad42c\" data-element_type=\"container\" data-e-type=\"container\" data-settings=\"{&quot;animation&quot;:&quot;bounceInRight&quot;}\">\n\t\t\t\t<div class=\"elementor-element elementor-element-4f3c35c elementor-widget__width-initial elementor-invisible elementor-widget elementor-widget-heading\" data-id=\"4f3c35c\" data-element_type=\"widget\" data-e-type=\"widget\" data-settings=\"{&quot;_animation&quot;:&quot;fadeInRight&quot;}\" data-widget_type=\"heading.default\">\n\t\t\t\t<div class=\"elementor-widget-container\">\n\t\t\t\t\t<h2 class=\"elementor-heading-title elementor-size-default\">What you will find in SELFCARE\n\n<\/h2>\t\t\t\t<\/div>\n\t\t\t\t<\/div>\n\t\t\t\t<div class=\"elementor-element elementor-element-a17ef46 elementor-widget elementor-widget-text-editor\" data-id=\"a17ef46\" data-element_type=\"widget\" data-e-type=\"widget\" data-widget_type=\"text-editor.default\">\n\t\t\t\t<div class=\"elementor-widget-container\">\n\t\t\t\t\t\t\t\t\t<p data-start=\"125\" data-end=\"534\">In our shop, you&#039;ll find candles and decor with a minimalist, Mediterranean-style design, designed to bring warmth, beauty, and sophistication to your home.<br data-start=\"286\" data-end=\"289\" \/>We handcraft each one, using natural 100% soy wax, non-toxic scents, and eco-friendly resin containers. We&#039;re committed to sustainability in every detail, from the materials to the plastic-free packaging.<\/p><p data-start=\"536\" data-end=\"795\">Our candles not only beautify your spaces, they also relax, improve your mood, and safely scent your space. Each piece is lovingly crafted with the philosophy of stopping time, appreciating the details, and becoming part of your peaceful haven.<\/p>\t\t\t\t\t\t\t\t<\/div>\n\t\t\t\t<\/div>\n\t\t\t\t<\/div>\n\t\t\t\t\t<\/div>\n\t\t\t\t<\/div>\n\t\t\t\t<\/div>","protected":false},"excerpt":{"rendered":"<p>Qui\u00e9nes somos en Selfcare Home Decor, decoraci\u00f3n sostenible para tu hogar Sobre nosotros Compromiso con la sostenibilidad y el dise\u00f1o responsable Selfcare Home Decor nace de la pasi\u00f3n por el dise\u00f1o del hogar y la responsabilidad medioambiental. Creemos que es posible crear espacios acogedores y est\u00e9ticamente agradables utilizando productos que no da\u00f1en el planeta. Somos [&hellip;]<\/p>\n","protected":false},"author":1,"featured_media":0,"parent":0,"menu_order":0,"comment_status":"closed","ping_status":"closed","template":"","meta":{"footnotes":""},"class_list":["post-203","page","type-page","status-publish","hentry"],"_links":{"self":[{"href":"https:\/\/selfcarehomedecor.com\/en\/wp-json\/wp\/v2\/pages\/203","targetHints":{"allow":["GET"]}}],"collection":[{"href":"https:\/\/selfcarehomedecor.com\/en\/wp-json\/wp\/v2\/pages"}],"about":[{"href":"https:\/\/selfcarehomedecor.com\/en\/wp-json\/wp\/v2\/types\/page"}],"author":[{"embeddable":true,"href":"https:\/\/selfcarehomedecor.com\/en\/wp-json\/wp\/v2\/users\/1"}],"replies":[{"embeddable":true,"href":"https:\/\/selfcarehomedecor.com\/en\/wp-json\/wp\/v2\/comments?post=203"}],"version-history":[{"count":109,"href":"https:\/\/selfcarehomedecor.com\/en\/wp-json\/wp\/v2\/pages\/203\/revisions"}],"predecessor-version":[{"id":1979,"href":"https:\/\/selfcarehomedecor.com\/en\/wp-json\/wp\/v2\/pages\/203\/revisions\/1979"}],"wp:attachment":[{"href":"https:\/\/selfcarehomedecor.com\/en\/wp-json\/wp\/v2\/media?parent=203"}],"curies":[{"name":"wp","href":"https:\/\/api.w.org\/{rel}","templated":true}]}}