{"id":2050,"date":"2025-10-02T09:47:02","date_gmt":"2025-10-02T07:47:02","guid":{"rendered":"https:\/\/selfcarehomedecor.com\/?page_id=2050"},"modified":"2025-10-14T10:07:22","modified_gmt":"2025-10-14T08:07:22","slug":"politica-de-devoluciones","status":"publish","type":"page","link":"https:\/\/selfcarehomedecor.com\/en\/politica-de-devoluciones\/","title":{"rendered":"Shipping\/Return Policy"},"content":{"rendered":"<div data-elementor-type=\"wp-page\" data-elementor-id=\"2050\" class=\"elementor elementor-2050\" data-elementor-post-type=\"page\">\n\t\t\t\t<div class=\"elementor-element elementor-element-e58eade e-flex e-con-boxed e-con e-parent\" data-id=\"e58eade\" data-element_type=\"container\" data-e-type=\"container\" data-settings=\"{&quot;background_background&quot;:&quot;classic&quot;}\">\n\t\t\t\t\t<div class=\"e-con-inner\">\n\t\t<div class=\"elementor-element elementor-element-4c02045 e-con-full e-flex e-con e-child\" data-id=\"4c02045\" data-element_type=\"container\" data-e-type=\"container\">\n\t\t\t\t<div class=\"elementor-element elementor-element-aefad00 elementor-invisible elementor-widget elementor-widget-heading\" data-id=\"aefad00\" data-element_type=\"widget\" data-e-type=\"widget\" data-settings=\"{&quot;_animation&quot;:&quot;fadeInLeft&quot;}\" data-widget_type=\"heading.default\">\n\t\t\t\t<div class=\"elementor-widget-container\">\n\t\t\t\t\t<h1 class=\"elementor-heading-title elementor-size-default\">Shipping\/Return Policy<\/h1>\t\t\t\t<\/div>\n\t\t\t\t<\/div>\n\t\t\t\t<div class=\"elementor-element elementor-element-e9c7b2b elementor-invisible elementor-widget elementor-widget-woocommerce-breadcrumb\" data-id=\"e9c7b2b\" data-element_type=\"widget\" data-e-type=\"widget\" data-settings=\"{&quot;_animation&quot;:&quot;fadeInLeft&quot;,&quot;_animation_delay&quot;:100}\" data-widget_type=\"woocommerce-breadcrumb.default\">\n\t\t\t\t<div class=\"elementor-widget-container\">\n\t\t\t\t\t<nav class=\"woocommerce-breadcrumb\" aria-label=\"Breadcrumb\" data-no-translation=\"\" data-trp-gettext=\"\">Home<\/nav>\t\t\t\t<\/div>\n\t\t\t\t<\/div>\n\t\t\t\t<\/div>\n\t\t\t\t\t<\/div>\n\t\t\t\t<\/div>\n\t\t<div class=\"elementor-element elementor-element-1cd87de e-flex e-con-boxed e-con e-parent\" data-id=\"1cd87de\" data-element_type=\"container\" data-e-type=\"container\">\n\t\t\t\t\t<div class=\"e-con-inner\">\n\t\t\t\t<div class=\"elementor-element elementor-element-6fce429d elementor-widget elementor-widget-text-editor\" data-id=\"6fce429d\" data-element_type=\"widget\" data-e-type=\"widget\" data-widget_type=\"text-editor.default\">\n\t\t\t\t<div class=\"elementor-widget-container\">\n\t\t\t\t\t\t\t\t\t<p><span style=\"text-decoration: underline;\"><strong>Shipping, Returns and Refunds Policy<\/strong><\/span><\/p><p>Thank you for shopping with us. Our goal is to ensure your complete satisfaction. If for any reason you are not happy with your purchase, please review the terms and conditions for making a return or requesting a refund.<\/p><p><span style=\"text-decoration: underline;\"><strong>Shipping times and conditions<\/strong><\/span><\/p><p>Shipping times range between <strong>2 and 7 business days<\/strong>, Delivery times may vary depending on product availability and the order&#039;s destination. <strong>shipment location<\/strong> (Peninsula, islands or other areas). All shipments are handled through the courier company. <strong>GLS<\/strong>, guaranteeing a fast and secure service.<\/p><p>Once your order has been processed, you will receive a notification with tracking information so you can check the shipment status at any time.<\/p><p><span style=\"text-decoration: underline;\"><strong>Conditions for returns<\/strong><\/span><\/p><p>To ensure your goods are eligible for a return, please make sure that:<\/p><ul><li>The purchase must have been made within the last 15 days.<\/li><li>The product is in its original packaging, with no signs of use or handling.<\/li><li>Include all accessories, manuals, and labels that were delivered with it.<\/li><li>Please have the corresponding receipt or order number.<\/li><\/ul><p>We reserve the right to refuse returns of any merchandise that does not meet the above conditions or that arrives damaged, incomplete, or outside the established timeframe.<\/p><p><span style=\"text-decoration: underline;\"><strong>Non-returnable items<\/strong><\/span><\/p><p>For hygiene or personalization reasons, we do not accept returns in the following cases:<\/p><ul><li>Customized or made-to-measure products.<\/li><li>Items on sale or purchased during special promotions.<\/li><li>Goods that, by their nature, cannot be returned (for example, perishable or personal use products).<\/li><\/ul><p><span style=\"text-decoration: underline;\"><strong>Refunds and replacements<\/strong><\/span><\/p><p>Once we have received and inspected the return, we will notify you of the result by email.<\/p><ul><li>If your return is approved, we will refund the amount in the form of a store credit to use in our store.<\/li><li>If the product arrives damaged or defective, we will replace it with the same item at no additional cost.<\/li><li>No cash refunds will be issued unless required by law or expressly specified by us.<\/li><\/ul><p>If a replacement is not possible, we will offer you an equivalent alternative or a voucher for the same value. Processing time is usually 5 to 10 business days from receipt of the product.<\/p><p><span style=\"text-decoration: underline;\"><strong>Return of goods<\/strong><\/span><\/p><p>You are responsible for the cost and risk of returning the goods to us. You must send them to the following address:<\/p><p>GLS<\/p><p>CRTA. DE MOLINS DE REI, 209, BAJOS<\/p><p>08205 SABADELL- BARCELONA<\/p><p>We are not responsible for goods damaged or lost in return shipping. Therefore, we recommend using an insured and trackable shipping service. We cannot issue a refund without actual receipt of the goods or proof of return.<\/p><p><span style=\"text-decoration: underline;\"><strong>Contact us<\/strong><\/span><\/p><p>If you have any questions about our Shipping, Returns and Refunds Policy or need assistance with your order, please contact us by email. <a href=\"mailto:info@selfcarehomedecor.com\" target=\"_blank\" rel=\"noopener\"><span style=\"text-decoration: underline;\">info@selfcarehomedecor.com<\/span><\/a>.<\/p><p>We&#039;d be happy to help you.<\/p>\t\t\t\t\t\t\t\t<\/div>\n\t\t\t\t<\/div>\n\t\t\t\t\t<\/div>\n\t\t\t\t<\/div>\n\t\t\t\t<\/div>","protected":false},"excerpt":{"rendered":"<p>Pol\u00edtica de Env\u00edos, Devoluciones y Reembolsos Gracias por comprar con nosotros. Nuestro objetivo es garantizar tu completa satisfacci\u00f3n. Si por alguna raz\u00f3n no est\u00e1s conforme con tu compra, revisa las condiciones y el procedimiento para realizar una devoluci\u00f3n o solicitar un reembolso. Plazos y condiciones de env\u00edo Los plazos de env\u00edo oscilan entre 2 y [&hellip;]<\/p>\n","protected":false},"author":1,"featured_media":0,"parent":0,"menu_order":0,"comment_status":"closed","ping_status":"closed","template":"","meta":{"footnotes":""},"class_list":["post-2050","page","type-page","status-publish","hentry"],"_links":{"self":[{"href":"https:\/\/selfcarehomedecor.com\/en\/wp-json\/wp\/v2\/pages\/2050","targetHints":{"allow":["GET"]}}],"collection":[{"href":"https:\/\/selfcarehomedecor.com\/en\/wp-json\/wp\/v2\/pages"}],"about":[{"href":"https:\/\/selfcarehomedecor.com\/en\/wp-json\/wp\/v2\/types\/page"}],"author":[{"embeddable":true,"href":"https:\/\/selfcarehomedecor.com\/en\/wp-json\/wp\/v2\/users\/1"}],"replies":[{"embeddable":true,"href":"https:\/\/selfcarehomedecor.com\/en\/wp-json\/wp\/v2\/comments?post=2050"}],"version-history":[{"count":20,"href":"https:\/\/selfcarehomedecor.com\/en\/wp-json\/wp\/v2\/pages\/2050\/revisions"}],"predecessor-version":[{"id":2132,"href":"https:\/\/selfcarehomedecor.com\/en\/wp-json\/wp\/v2\/pages\/2050\/revisions\/2132"}],"wp:attachment":[{"href":"https:\/\/selfcarehomedecor.com\/en\/wp-json\/wp\/v2\/media?parent=2050"}],"curies":[{"name":"wp","href":"https:\/\/api.w.org\/{rel}","templated":true}]}}