{"id":21,"date":"2025-03-28T16:06:23","date_gmt":"2025-03-28T19:06:23","guid":{"rendered":"https:\/\/innovacon.simplificandotuweb.com\/?page_id=21"},"modified":"2025-08-22T12:02:54","modified_gmt":"2025-08-22T10:02:54","slug":"declaracion-de-accesibilidad","status":"publish","type":"page","link":"https:\/\/selfcarehomedecor.com\/en\/declaracion-de-accesibilidad\/","title":{"rendered":"Accessibility Statement"},"content":{"rendered":"<div data-elementor-type=\"wp-page\" data-elementor-id=\"21\" class=\"elementor elementor-21\" data-elementor-post-type=\"page\">\n\t\t\t\t<div class=\"elementor-element elementor-element-e2eb320 e-flex e-con-boxed e-con e-parent\" data-id=\"e2eb320\" data-element_type=\"container\" data-e-type=\"container\" data-settings=\"{&quot;background_background&quot;:&quot;classic&quot;}\">\n\t\t\t\t\t<div class=\"e-con-inner\">\n\t\t<div class=\"elementor-element elementor-element-85cb193 e-con-full e-flex e-con e-child\" data-id=\"85cb193\" data-element_type=\"container\" data-e-type=\"container\">\n\t\t\t\t<div class=\"elementor-element elementor-element-367e2ea elementor-invisible elementor-widget elementor-widget-heading\" data-id=\"367e2ea\" data-element_type=\"widget\" data-e-type=\"widget\" data-settings=\"{&quot;_animation&quot;:&quot;fadeInLeft&quot;}\" data-widget_type=\"heading.default\">\n\t\t\t\t<div class=\"elementor-widget-container\">\n\t\t\t\t\t<h1 class=\"elementor-heading-title elementor-size-default\">Accessibility Statement<\/h1>\t\t\t\t<\/div>\n\t\t\t\t<\/div>\n\t\t\t\t<div class=\"elementor-element elementor-element-15a81f1 elementor-invisible elementor-widget elementor-widget-woocommerce-breadcrumb\" data-id=\"15a81f1\" data-element_type=\"widget\" data-e-type=\"widget\" data-settings=\"{&quot;_animation&quot;:&quot;fadeInLeft&quot;,&quot;_animation_delay&quot;:100}\" data-widget_type=\"woocommerce-breadcrumb.default\">\n\t\t\t\t<div class=\"elementor-widget-container\">\n\t\t\t\t\t<nav class=\"woocommerce-breadcrumb\" aria-label=\"Breadcrumb\" data-no-translation=\"\" data-trp-gettext=\"\">Home<\/nav>\t\t\t\t<\/div>\n\t\t\t\t<\/div>\n\t\t\t\t<\/div>\n\t\t\t\t\t<\/div>\n\t\t\t\t<\/div>\n\t\t<div class=\"elementor-element elementor-element-12a62af9 e-flex e-con-boxed e-con e-parent\" data-id=\"12a62af9\" data-element_type=\"container\" data-e-type=\"container\">\n\t\t\t\t\t<div class=\"e-con-inner\">\n\t\t\t\t<div class=\"elementor-element elementor-element-2dc5a658 elementor-widget elementor-widget-text-editor\" data-id=\"2dc5a658\" data-element_type=\"widget\" data-e-type=\"widget\" data-widget_type=\"text-editor.default\">\n\t\t\t\t<div class=\"elementor-widget-container\">\n\t\t\t\t\t\t\t\t\t\n<p><strong>\u2013<\/strong>\u00a0This organization is committed to making its website accessible, in accordance with Royal Decree 1112\/2018 of 7 September, on the accessibility of websites and mobile applications of the public sector. This accessibility statement applies to this website.<\/p>\n\n<p><strong>Compliance status<\/strong><\/p>\n\n<p>This website is developed in accordance with Royal Decree 1112\/2018<\/p>\n\n<p><strong>Preparation for the next accessibility statement<\/strong><\/p>\n\n<p>This statement was prepared on April 20, 2023. The method used to prepare the statement was a self-assessment.<\/p>\n\n<p><strong>Notes and contact information<\/strong><\/p>\n\n<p>You can submit communications regarding accessibility requirements (article 10.2.a of RD 1112\/2018) such as:<\/p>\n\n<ul class=\"wp-block-list\">\n<li>Report any potential violations by this website<\/li>\n\n<li>To communicate other difficulties in accessing the content<\/li>\n\n<li>To submit any other query or suggestion for improvement regarding website accessibility, please use the contact form on this website or call the provided telephone number.\u00a0<\/li>\n<\/ul>\n\n<p>You may present:<\/p>\n\n<ul class=\"wp-block-list\">\n<li>Complaint regarding compliance with the requirements of Royal Decree 1112\/2018<\/li>\n\n<li>Request for accessible information regarding:\n<ul class=\"wp-block-list\">\n<li>Content that is excluded from the scope of application of Royal Decree 1112\/2018 as established in Article 3, paragraph 4<\/li>\n\n<li>Content that is exempt from accessibility requirements to impose a disproportionate burden<\/li>\n\n<li>In the Accessible Information Request, the facts, reasons and the request must be clearly specified to demonstrate that it is a reasonable and legitimate request.<\/li>\n<\/ul>\n<\/li>\n<\/ul>\n\n<p>Complaints and claims regarding accessible information will be made through the electronic headquarters (<strong><a href=\"https:\/\/sede.red.gob.es\/procedimientos\/quejas-y-sugerencias\">https:\/\/sede.red.gob.es\/procedimientos\/quejas-y-sugerencias<\/a><\/strong>), and will be received and processed by the Information Systems area of Red.es.<\/p>\n\n<p><strong>Optional content<\/strong><\/p>\n\n<ul class=\"wp-block-list\">\n<li>To change the text font size in major graphical browsers, use the following menus:<\/li>\n\n<li>Safari: View &gt; Make Text Larger<\/li>\n\n<li>Chrome: Control current page &gt; Text size<\/li>\n<\/ul>\n\n<p>To change the size of everything on the page:<\/p>\n\n<ul class=\"wp-block-list\">\n<li>Ctrl++ to increase it<\/li>\n\n<li>Ctrl + \u2013 to decrease it<\/li>\n\n<li>Ctrl + 0 restores the original text size<\/li>\n\n<li>If you want to override the stylesheet or change the text color, you can consult the WAI&#039;s How to Change Text Size or Colors page, which can be read in Spanish as C\u00f3mo cambiar el tama\u00f1o del texto o colores?<\/li>\n<\/ul>\n\t\t\t\t\t\t\t\t<\/div>\n\t\t\t\t<\/div>\n\t\t\t\t\t<\/div>\n\t\t\t\t<\/div>\n\t\t\t\t<\/div>","protected":false},"excerpt":{"rendered":"<p>&#8211;\u00a0se ha comprometido a hacer accesible su sitio web, conforme al Real Decreto 1112\/2018, de 7 de septiembre, sobre accesibilidad de los sitios web y aplicaciones para dispositivos m\u00f3viles del sector p\u00fablico. Esta declaraci\u00f3n de accesibilidad se aplica a esta web. Situaci\u00f3n de cumplimiento Este sitio web est\u00e1 desarrollado seg\u00fan el RD 1112\/2018 Preparaci\u00f3n para [&hellip;]<\/p>\n","protected":false},"author":1,"featured_media":0,"parent":0,"menu_order":0,"comment_status":"closed","ping_status":"closed","template":"","meta":{"footnotes":""},"class_list":["post-21","page","type-page","status-publish","hentry"],"_links":{"self":[{"href":"https:\/\/selfcarehomedecor.com\/en\/wp-json\/wp\/v2\/pages\/21","targetHints":{"allow":["GET"]}}],"collection":[{"href":"https:\/\/selfcarehomedecor.com\/en\/wp-json\/wp\/v2\/pages"}],"about":[{"href":"https:\/\/selfcarehomedecor.com\/en\/wp-json\/wp\/v2\/types\/page"}],"author":[{"embeddable":true,"href":"https:\/\/selfcarehomedecor.com\/en\/wp-json\/wp\/v2\/users\/1"}],"replies":[{"embeddable":true,"href":"https:\/\/selfcarehomedecor.com\/en\/wp-json\/wp\/v2\/comments?post=21"}],"version-history":[{"count":10,"href":"https:\/\/selfcarehomedecor.com\/en\/wp-json\/wp\/v2\/pages\/21\/revisions"}],"predecessor-version":[{"id":1106,"href":"https:\/\/selfcarehomedecor.com\/en\/wp-json\/wp\/v2\/pages\/21\/revisions\/1106"}],"wp:attachment":[{"href":"https:\/\/selfcarehomedecor.com\/en\/wp-json\/wp\/v2\/media?parent=21"}],"curies":[{"name":"wp","href":"https:\/\/api.w.org\/{rel}","templated":true}]}}