{"id":31,"date":"2025-03-28T16:10:30","date_gmt":"2025-03-28T19:10:30","guid":{"rendered":"https:\/\/innovacon.simplificandotuweb.com\/?page_id=31"},"modified":"2025-11-10T14:17:37","modified_gmt":"2025-11-10T13:17:37","slug":"politica-de-privacidad","status":"publish","type":"page","link":"https:\/\/selfcarehomedecor.com\/en\/politica-de-privacidad\/","title":{"rendered":"Privacy Policy"},"content":{"rendered":"<div data-elementor-type=\"wp-page\" data-elementor-id=\"31\" class=\"elementor elementor-31\" data-elementor-post-type=\"page\">\n\t\t\t\t<div class=\"elementor-element elementor-element-96d6b50 e-flex e-con-boxed e-con e-parent\" data-id=\"96d6b50\" data-element_type=\"container\" data-e-type=\"container\" data-settings=\"{&quot;background_background&quot;:&quot;classic&quot;}\">\n\t\t\t\t\t<div class=\"e-con-inner\">\n\t\t<div class=\"elementor-element elementor-element-bcba4d6 e-con-full e-flex e-con e-child\" data-id=\"bcba4d6\" data-element_type=\"container\" data-e-type=\"container\">\n\t\t\t\t<div class=\"elementor-element elementor-element-0f50244 elementor-invisible elementor-widget elementor-widget-heading\" data-id=\"0f50244\" data-element_type=\"widget\" data-e-type=\"widget\" data-settings=\"{&quot;_animation&quot;:&quot;fadeInLeft&quot;}\" data-widget_type=\"heading.default\">\n\t\t\t\t<div class=\"elementor-widget-container\">\n\t\t\t\t\t<h1 class=\"elementor-heading-title elementor-size-default\">Privacy Policy<\/h1>\t\t\t\t<\/div>\n\t\t\t\t<\/div>\n\t\t\t\t<div class=\"elementor-element elementor-element-36165f9 elementor-invisible elementor-widget elementor-widget-woocommerce-breadcrumb\" data-id=\"36165f9\" data-element_type=\"widget\" data-e-type=\"widget\" data-settings=\"{&quot;_animation&quot;:&quot;fadeInLeft&quot;,&quot;_animation_delay&quot;:100}\" data-widget_type=\"woocommerce-breadcrumb.default\">\n\t\t\t\t<div class=\"elementor-widget-container\">\n\t\t\t\t\t<nav class=\"woocommerce-breadcrumb\" aria-label=\"Breadcrumb\" data-no-translation=\"\" data-trp-gettext=\"\">Home<\/nav>\t\t\t\t<\/div>\n\t\t\t\t<\/div>\n\t\t\t\t<\/div>\n\t\t\t\t\t<\/div>\n\t\t\t\t<\/div>\n\t\t<div class=\"elementor-element elementor-element-30742374 e-flex e-con-boxed e-con e-parent\" data-id=\"30742374\" data-element_type=\"container\" data-e-type=\"container\">\n\t\t\t\t\t<div class=\"e-con-inner\">\n\t\t\t\t<div class=\"elementor-element elementor-element-5e33b194 elementor-widget elementor-widget-text-editor\" data-id=\"5e33b194\" data-element_type=\"widget\" data-e-type=\"widget\" data-widget_type=\"text-editor.default\">\n\t\t\t\t<div class=\"elementor-widget-container\">\n\t\t\t\t\t\t\t\t\t\n<p><strong>1.- USER INFORMATION<\/strong><\/p>\n\n<p>The website informs website users about its policy regarding the processing and protection of personal data of users and customers that may be requested by browsing through its website.<\/p>\n\n<p>The website is responsible for processing the user&#039;s personal data, and therefore provides the following information regarding the processing of their data:<\/p>\n\n<p><strong>Data retention criteria:<\/strong>\u00a0The personal data provided will be kept until the interested party requests its suspension, exercising their rights over the data, and in any case in compliance with applicable legal limitation periods.<\/p>\n\n<p><strong>Rights of interested parties:<\/strong><\/p>\n\n<p>Right to withdraw your consent at any time.<br \/>Right of access, rectification, erasure, portability of your data, and the limitation or opposition to its processing, as well as not being subject to automated individual decisions.<\/p>\n\n<p><strong>Contact information to exercise your rights:<\/strong><\/p>\n\n<p>You must properly identify yourself and clearly request the right to exercise.<\/p>\n\n<p>\u00a0<\/p>\n\n<p><strong>2.- INFORMATION PROVIDED BY THE USER<\/strong><\/p>\n\n<p>If you are under 18 years of age, you are not allowed to use forms on our website.<\/p>\n\n<p>Users, by entering their data in the contact forms or presented in download forms, expressly and freely and unequivocally accept that their data is necessary to attend to their request, by the Controller, the inclusion of data in the remaining fields being voluntary.<\/p>\n\n<p>The User guarantees that the personal data provided is truthful and is responsible for communicating any changes.<\/p>\n\n<p>All data requested through the website is necessary to provide optimal service to the User. If all the data is not provided, the information and services provided by the Data Controller cannot be guaranteed to be fully tailored to the User&#039;s needs.<\/p>\n\n<p><strong>3. SECURITY MEASURES<\/strong><\/p>\n\n<p>That in accordance with the provisions of current regulations on the protection of personal data, the Controller is complying with all the provisions of the GDPR and LOPD regulations for the processing of personal data under its responsibility, which are processed lawfully, fairly and transparently in relation to the interested party and adequate, relevant and limited to what is necessary in relation to the purposes for which they are processed.<\/p>\n\n<p>The Data Controller guarantees that it has implemented appropriate technical and organizational policies to apply the security measures established by the GDPR and the LOPD to protect the rights and freedoms of Users and has communicated to them the appropriate information so that they can exercise them.<\/p>\n\n<p><strong>4. SECURITY GAPS<\/strong><\/p>\n\n<p>The Data Controller will report any security breach affecting the database used by this website, or any of our third-party services, to all individuals, data that may have been affected, and authorities, within 72 hours of detecting the breach.<\/p>\n\n<p><strong>APPLICABLE LAW AND JURISDICTION<\/strong><\/p>\n\n<p>For the resolution of all disputes or issues related to this website or the activities carried out, Spanish legislation will apply, to which the parties expressly submit, and the Courts and Tribunals of Barcelona will be competent to resolve all conflicts arising from or related to the use of this website.<\/p>\n\t\t\t\t\t\t\t\t<\/div>\n\t\t\t\t<\/div>\n\t\t\t\t\t<\/div>\n\t\t\t\t<\/div>\n\t\t\t\t<\/div>","protected":false},"excerpt":{"rendered":"<p>1.- INFORMACI\u00d3N AL USUARIO El sitio web informa a los usuarios del sitio web sobre su pol\u00edtica respecto al tratamiento y protecci\u00f3n de los datos de car\u00e1cter personal de los usuarios y clientes que puedan ser solicitados por la navegaci\u00f3n a trav\u00e9s de su sitio web. El sitio web es el Responsable del tratamiento de [&hellip;]<\/p>\n","protected":false},"author":1,"featured_media":0,"parent":0,"menu_order":0,"comment_status":"closed","ping_status":"closed","template":"","meta":{"footnotes":""},"class_list":["post-31","page","type-page","status-publish","hentry"],"_links":{"self":[{"href":"https:\/\/selfcarehomedecor.com\/en\/wp-json\/wp\/v2\/pages\/31","targetHints":{"allow":["GET"]}}],"collection":[{"href":"https:\/\/selfcarehomedecor.com\/en\/wp-json\/wp\/v2\/pages"}],"about":[{"href":"https:\/\/selfcarehomedecor.com\/en\/wp-json\/wp\/v2\/types\/page"}],"author":[{"embeddable":true,"href":"https:\/\/selfcarehomedecor.com\/en\/wp-json\/wp\/v2\/users\/1"}],"replies":[{"embeddable":true,"href":"https:\/\/selfcarehomedecor.com\/en\/wp-json\/wp\/v2\/comments?post=31"}],"version-history":[{"count":12,"href":"https:\/\/selfcarehomedecor.com\/en\/wp-json\/wp\/v2\/pages\/31\/revisions"}],"predecessor-version":[{"id":2195,"href":"https:\/\/selfcarehomedecor.com\/en\/wp-json\/wp\/v2\/pages\/31\/revisions\/2195"}],"wp:attachment":[{"href":"https:\/\/selfcarehomedecor.com\/en\/wp-json\/wp\/v2\/media?parent=31"}],"curies":[{"name":"wp","href":"https:\/\/api.w.org\/{rel}","templated":true}]}}