{"id":666,"date":"2025-07-01T21:07:56","date_gmt":"2025-07-01T19:07:56","guid":{"rendered":"https:\/\/selfcarehomedecor.com\/?page_id=666"},"modified":"2025-08-27T09:08:14","modified_gmt":"2025-08-27T07:08:14","slug":"caja-de-cerillas","status":"publish","type":"page","link":"https:\/\/selfcarehomedecor.com\/en\/productos\/caja-de-cerillas\/","title":{"rendered":"Matchbox"},"content":{"rendered":"\t\t<div data-elementor-type=\"wp-page\" data-elementor-id=\"666\" class=\"elementor elementor-666\" data-elementor-post-type=\"page\">\n\t\t\t\t<div class=\"elementor-element elementor-element-2df6595 e-flex e-con-boxed e-con e-parent\" data-id=\"2df6595\" data-element_type=\"container\" data-e-type=\"container\" data-settings=\"{&quot;background_background&quot;:&quot;classic&quot;}\">\n\t\t\t\t\t<div class=\"e-con-inner\">\n\t\t<div class=\"elementor-element elementor-element-0ceaad5 e-con-full e-flex e-con e-child\" data-id=\"0ceaad5\" data-element_type=\"container\" data-e-type=\"container\">\n\t\t\t\t<div class=\"elementor-element elementor-element-186ed47 elementor-invisible elementor-widget elementor-widget-heading\" data-id=\"186ed47\" data-element_type=\"widget\" data-e-type=\"widget\" data-settings=\"{&quot;_animation&quot;:&quot;fadeInLeft&quot;}\" data-widget_type=\"heading.default\">\n\t\t\t\t<div class=\"elementor-widget-container\">\n\t\t\t\t\t<h1 class=\"elementor-heading-title elementor-size-default\">Caja de cerillas<\/h1>\t\t\t\t<\/div>\n\t\t\t\t<\/div>\n\t\t\t\t<div class=\"elementor-element elementor-element-bd0ab6a elementor-invisible elementor-widget elementor-widget-woocommerce-breadcrumb\" data-id=\"bd0ab6a\" data-element_type=\"widget\" data-e-type=\"widget\" data-settings=\"{&quot;_animation&quot;:&quot;fadeInLeft&quot;,&quot;_animation_delay&quot;:100}\" data-widget_type=\"woocommerce-breadcrumb.default\">\n\t\t\t\t<div class=\"elementor-widget-container\">\n\t\t\t\t\t<nav class=\"woocommerce-breadcrumb\" aria-label=\"Breadcrumb\">Home<\/nav>\t\t\t\t<\/div>\n\t\t\t\t<\/div>\n\t\t\t\t<\/div>\n\t\t\t\t\t<\/div>\n\t\t\t\t<\/div>\n\t\t<div class=\"elementor-element elementor-element-0da6333 e-flex e-con-boxed e-con e-parent\" data-id=\"0da6333\" data-element_type=\"container\" data-e-type=\"container\" data-settings=\"{&quot;background_background&quot;:&quot;classic&quot;}\">\n\t\t\t\t\t<div class=\"e-con-inner\">\n\t\t\t\t<div class=\"elementor-element elementor-element-d1bb78a elementor-invisible elementor-widget elementor-widget-heading\" data-id=\"d1bb78a\" data-element_type=\"widget\" data-e-type=\"widget\" data-settings=\"{&quot;_animation&quot;:&quot;fadeInRight&quot;}\" data-widget_type=\"heading.default\">\n\t\t\t\t<div class=\"elementor-widget-container\">\n\t\t\t\t\t<h2 class=\"elementor-heading-title elementor-size-default\">Cajas de cerillas sostenibles, reutilizables y libres de pl\u00e1sticos\n\n<\/h2>\t\t\t\t<\/div>\n\t\t\t\t<\/div>\n\t\t\t\t<div class=\"elementor-element elementor-element-a269c6f elementor-invisible elementor-widget elementor-widget-text-editor\" data-id=\"a269c6f\" data-element_type=\"widget\" data-e-type=\"widget\" data-settings=\"{&quot;_animation&quot;:&quot;fadeInRight&quot;,&quot;_animation_delay&quot;:240}\" data-widget_type=\"text-editor.default\">\n\t\t\t\t<div class=\"elementor-widget-container\">\n\t\t\t\t\t\t\t\t\t<p data-start=\"421\" data-end=\"685\">Nuestras <strong data-start=\"430\" data-end=\"462\">cajas de cerillas ecol\u00f3gicas<\/strong> combinan funcionalidad y estilo en un solo detalle. Est\u00e1n fabricadas con <strong data-start=\"536\" data-end=\"578\">materiales reciclados y biodegradables<\/strong>, sin pl\u00e1sticos ni qu\u00edmicos t\u00f3xicos, lo que las convierte en una opci\u00f3n respetuosa con el medio ambiente.<\/p><p data-start=\"687\" data-end=\"1018\">Cada dise\u00f1o est\u00e1 pensado para integrarse en la decoraci\u00f3n del hogar, aportando un toque c\u00e1lido y elegante a la vez que cumplen su funci\u00f3n pr\u00e1ctica. Desde acabados minimalistas hasta estilos m\u00e1s artesanales, nuestras cajas de cerillas son perfectas para acompa\u00f1ar velas, crear ambientes acogedores o regalar un detalle sostenible.<\/p>\t\t\t\t\t\t\t\t<\/div>\n\t\t\t\t<\/div>\n\t\t\t\t<div class=\"woocommerce elementor-element elementor-element-e0727d2 elementor-grid-3 elementor-grid-tablet-2 elementor-grid-mobile-1 elementor-widget elementor-widget-loop-grid\" data-id=\"e0727d2\" data-element_type=\"widget\" data-e-type=\"widget\" data-settings=\"{&quot;_skin&quot;:&quot;product&quot;,&quot;template_id&quot;:&quot;545&quot;,&quot;columns&quot;:3,&quot;pagination_type&quot;:&quot;load_more_on_click&quot;,&quot;columns_tablet&quot;:&quot;2&quot;,&quot;columns_mobile&quot;:&quot;1&quot;,&quot;edit_handle_selector&quot;:&quot;[data-elementor-type=\\&quot;loop-item\\&quot;]&quot;,&quot;load_more_spinner&quot;:{&quot;value&quot;:&quot;fas fa-spinner&quot;,&quot;library&quot;:&quot;fa-solid&quot;},&quot;row_gap&quot;:{&quot;unit&quot;:&quot;px&quot;,&quot;size&quot;:&quot;&quot;,&quot;sizes&quot;:[]},&quot;row_gap_tablet&quot;:{&quot;unit&quot;:&quot;px&quot;,&quot;size&quot;:&quot;&quot;,&quot;sizes&quot;:[]},&quot;row_gap_mobile&quot;:{&quot;unit&quot;:&quot;px&quot;,&quot;size&quot;:&quot;&quot;,&quot;sizes&quot;:[]}}\" data-widget_type=\"loop-grid.product\">\n\t\t\t\t<div class=\"elementor-widget-container\">\n\t\t\t\t\t\t\t<div class=\"elementor-loop-container elementor-grid\" role=\"list\">\r\n\t\t<style id=\"loop-545\">.elementor-545 .elementor-element.elementor-element-195a27f{--display:flex;--flex-direction:column;--container-widget-width:calc( ( 1 - var( --container-widget-flex-grow ) ) * 100% );--container-widget-height:initial;--container-widget-flex-grow:0;--container-widget-align-self:initial;--flex-wrap-mobile:wrap;--align-items:center;--padding-top:0px;--padding-bottom:30px;--padding-left:0px;--padding-right:0px;}.woocommerce .elementor-545 .elementor-element.elementor-element-595c200 .star-rating{color:#FFF900;}.elementor-545 .elementor-element.elementor-element-8ac0c39{text-align:center;}.elementor-545 .elementor-element.elementor-element-8ac0c39 .elementor-heading-title{font-family:\"Jost\", Sans-serif;font-size:18px;font-weight:400;text-transform:none;font-style:normal;line-height:1.4em;}.elementor-545 .elementor-element.elementor-element-8ac0c39 > .elementor-widget-container{padding:0px 20px 0px 20px;}.elementor-545 .elementor-element.elementor-element-bdb75eb{text-align:center;}.woocommerce .elementor-545 .elementor-element.elementor-element-bdb75eb .price{color:var( --e-global-color-d49ac81 );font-size:22px;font-weight:500;}.woocommerce .elementor-545 .elementor-element.elementor-element-bdb75eb .price ins{color:var( --e-global-color-d49ac81 );font-size:22px;font-weight:500;}.elementor-545 .elementor-element.elementor-element-bdb75eb > .elementor-widget-container{padding:0px 20px 0px 20px;}.elementor-545 .elementor-element.elementor-element-8e5390c .elementor-button{text-transform:uppercase;padding:15px 30px 15px 30px;}.elementor-545 .elementor-element.elementor-element-8e5390c > .elementor-widget-container{padding:0px 20px 0px 20px;}@media(max-width:1024px){.elementor-545 .elementor-element.elementor-element-8ac0c39 .elementor-heading-title{font-size:23.44px;}}@media(max-width:767px){.elementor-545 .elementor-element.elementor-element-8ac0c39 .elementor-heading-title{font-size:18.72px;}}<\/style>\t\t<div data-elementor-type=\"loop-item\" data-elementor-id=\"545\" class=\"elementor elementor-545 e-loop-item e-loop-item-310 post-310 product type-product status-publish has-post-thumbnail product_cat-caja-de-cerillas product_cat-decoracion product_tag-decoracion first instock shipping-taxable purchasable product-type-simple\" data-elementor-post-type=\"elementor_library\" data-custom-edit-handle=\"1\">\r\n\t\t\t<div class=\"elementor-element elementor-element-195a27f e-flex e-con-boxed e-con e-parent\" data-id=\"195a27f\" data-element_type=\"container\" data-e-type=\"container\">\n\t\t\t\t\t<div class=\"e-con-inner\">\n\t\t\t\t<div class=\"elementor-element elementor-element-7bbfc29 elementor-widget elementor-widget-theme-post-featured-image elementor-widget-image\" data-id=\"7bbfc29\" data-element_type=\"widget\" data-e-type=\"widget\" data-widget_type=\"theme-post-featured-image.default\">\n\t\t\t\t<div class=\"elementor-widget-container\">\n\t\t\t\t\t\t\t\t\t\t\t\t\t\t\t\t<a href=\"https:\/\/selfcarehomedecor.com\/en\/product\/caja-de-cerillas\/\">\n\t\t\t\t\t\t\t<img decoding=\"async\" src=\"https:\/\/selfcarehomedecor.com\/wp-content\/uploads\/elementor\/thumbs\/9960-rckfj7l26aqptkwmg0pud0rj2cqyrit9604158nz3k.webp\" title=\"9960\" alt=\"9960\" loading=\"lazy\" \/>\t\t\t\t\t\t\t\t<\/a>\n\t\t\t\t\t\t\t\t\t\t\t\t\t\t\t<\/div>\n\t\t\t\t<\/div>\n\t\t\t\t<div class=\"elementor-element elementor-element-8ac0c39 elementor-widget elementor-widget-woocommerce-product-title elementor-page-title elementor-widget-heading\" data-id=\"8ac0c39\" data-element_type=\"widget\" data-e-type=\"widget\" data-widget_type=\"woocommerce-product-title.default\">\n\t\t\t\t<div class=\"elementor-widget-container\">\n\t\t\t\t\t<h1 class=\"product_title entry-title elementor-heading-title elementor-size-default\"><a href=\"https:\/\/selfcarehomedecor.com\/en\/product\/caja-de-cerillas\/\">Caja de Cerillas para Velas<\/a><\/h1>\t\t\t\t<\/div>\n\t\t\t\t<\/div>\n\t\t\t\t<div class=\"elementor-element elementor-element-bdb75eb elementor-widget elementor-widget-woocommerce-product-price\" data-id=\"bdb75eb\" data-element_type=\"widget\" data-e-type=\"widget\" data-widget_type=\"woocommerce-product-price.default\">\n\t\t\t\t<div class=\"elementor-widget-container\">\n\t\t\t\t\t<p class=\"price\"><span class=\"woocommerce-Price-amount amount\"><bdi>12,99&nbsp;<span class=\"woocommerce-Price-currencySymbol\">&euro;<\/span><\/bdi><\/span><\/p>\n\t\t\t\t<\/div>\n\t\t\t\t<\/div>\n\t\t\t\t<div class=\"elementor-element elementor-element-8e5390c elementor-align-center elementor-widget elementor-widget-button\" data-id=\"8e5390c\" data-element_type=\"widget\" data-e-type=\"widget\" data-widget_type=\"button.default\">\n\t\t\t\t<div class=\"elementor-widget-container\">\n\t\t\t\t\t\t\t\t\t<div class=\"elementor-button-wrapper\">\n\t\t\t\t\t<a class=\"elementor-button elementor-button-link elementor-size-sm\" href=\"https:\/\/selfcarehomedecor.com\/en\/product\/caja-de-cerillas\/\">\n\t\t\t\t\t\t<span class=\"elementor-button-content-wrapper\">\n\t\t\t\t\t\t\t\t\t<span class=\"elementor-button-text\">Comprar<\/span>\n\t\t\t\t\t<\/span>\n\t\t\t\t\t<\/a>\n\t\t\t\t<\/div>\n\t\t\t\t\t\t\t\t<\/div>\n\t\t\t\t<\/div>\n\t\t\t\t\t<\/div>\n\t\t\t\t<\/div>\n\t\t\t\t<\/div>\r\n\t\t\t\t<\/div>\r\n\t\t\t\t\t<span class=\"e-load-more-spinner\">\r\n\t\t\t\t<svg aria-hidden=\"true\" class=\"e-font-icon-svg e-fas-spinner\" viewBox=\"0 0 512 512\" xmlns=\"http:\/\/www.w3.org\/2000\/svg\"><path d=\"M304 48c0 26.51-21.49 48-48 48s-48-21.49-48-48 21.49-48 48-48 48 21.49 48 48zm-48 368c-26.51 0-48 21.49-48 48s21.49 48 48 48 48-21.49 48-48-21.49-48-48-48zm208-208c-26.51 0-48 21.49-48 48s21.49 48 48 48 48-21.49 48-48-21.49-48-48-48zM96 256c0-26.51-21.49-48-48-48S0 229.49 0 256s21.49 48 48 48 48-21.49 48-48zm12.922 99.078c-26.51 0-48 21.49-48 48s21.49 48 48 48 48-21.49 48-48c0-26.509-21.491-48-48-48zm294.156 0c-26.51 0-48 21.49-48 48s21.49 48 48 48 48-21.49 48-48c0-26.509-21.49-48-48-48zM108.922 60.922c-26.51 0-48 21.49-48 48s21.49 48 48 48 48-21.49 48-48-21.491-48-48-48z\"><\/path><\/svg>\t\t\t<\/span>\r\n\t\t\r\n\t\t\t\t\t\t<\/div>\n\t\t\t\t<\/div>\n\t\t\t\t\t<\/div>\n\t\t\t\t<\/div>\n\t\t\t\t<\/div>\n\t\t","protected":false},"excerpt":{"rendered":"<p>Cajas de cerillas sostenibles, reutilizables y libres de pl\u00e1sticos Nuestras cajas de cerillas ecol\u00f3gicas combinan funcionalidad y estilo en un solo detalle. Est\u00e1n fabricadas con materiales reciclados y biodegradables, sin pl\u00e1sticos ni qu\u00edmicos t\u00f3xicos, lo que las convierte en una opci\u00f3n respetuosa con el medio ambiente. Cada dise\u00f1o est\u00e1 pensado para integrarse en la decoraci\u00f3n [&hellip;]<\/p>\n","protected":false},"author":1,"featured_media":0,"parent":206,"menu_order":0,"comment_status":"closed","ping_status":"closed","template":"","meta":{"footnotes":""},"class_list":["post-666","page","type-page","status-publish","hentry"],"_links":{"self":[{"href":"https:\/\/selfcarehomedecor.com\/en\/wp-json\/wp\/v2\/pages\/666","targetHints":{"allow":["GET"]}}],"collection":[{"href":"https:\/\/selfcarehomedecor.com\/en\/wp-json\/wp\/v2\/pages"}],"about":[{"href":"https:\/\/selfcarehomedecor.com\/en\/wp-json\/wp\/v2\/types\/page"}],"author":[{"embeddable":true,"href":"https:\/\/selfcarehomedecor.com\/en\/wp-json\/wp\/v2\/users\/1"}],"replies":[{"embeddable":true,"href":"https:\/\/selfcarehomedecor.com\/en\/wp-json\/wp\/v2\/comments?post=666"}],"version-history":[{"count":49,"href":"https:\/\/selfcarehomedecor.com\/en\/wp-json\/wp\/v2\/pages\/666\/revisions"}],"predecessor-version":[{"id":1721,"href":"https:\/\/selfcarehomedecor.com\/en\/wp-json\/wp\/v2\/pages\/666\/revisions\/1721"}],"up":[{"embeddable":true,"href":"https:\/\/selfcarehomedecor.com\/en\/wp-json\/wp\/v2\/pages\/206"}],"wp:attachment":[{"href":"https:\/\/selfcarehomedecor.com\/en\/wp-json\/wp\/v2\/media?parent=666"}],"curies":[{"name":"wp","href":"https:\/\/api.w.org\/{rel}","templated":true}]}}