{"id":668,"date":"2025-07-01T21:08:15","date_gmt":"2025-07-01T19:08:15","guid":{"rendered":"https:\/\/selfcarehomedecor.com\/?page_id=668"},"modified":"2025-08-27T09:31:24","modified_gmt":"2025-08-27T07:31:24","slug":"figuras","status":"publish","type":"page","link":"https:\/\/selfcarehomedecor.com\/en\/productos\/figuras\/","title":{"rendered":"Figures"},"content":{"rendered":"\t\t<div data-elementor-type=\"wp-page\" data-elementor-id=\"668\" class=\"elementor elementor-668\" data-elementor-post-type=\"page\">\n\t\t\t\t<div class=\"elementor-element elementor-element-0097ebd e-flex e-con-boxed e-con e-parent\" data-id=\"0097ebd\" data-element_type=\"container\" data-e-type=\"container\" data-settings=\"{&quot;background_background&quot;:&quot;classic&quot;}\">\n\t\t\t\t\t<div class=\"e-con-inner\">\n\t\t<div class=\"elementor-element elementor-element-8a6af84 e-con-full e-flex e-con e-child\" data-id=\"8a6af84\" data-element_type=\"container\" data-e-type=\"container\">\n\t\t\t\t<div class=\"elementor-element elementor-element-4a130b8 elementor-invisible elementor-widget elementor-widget-heading\" data-id=\"4a130b8\" data-element_type=\"widget\" data-e-type=\"widget\" data-settings=\"{&quot;_animation&quot;:&quot;fadeInLeft&quot;}\" data-widget_type=\"heading.default\">\n\t\t\t\t<div class=\"elementor-widget-container\">\n\t\t\t\t\t<h1 class=\"elementor-heading-title elementor-size-default\">Figuras<\/h1>\t\t\t\t<\/div>\n\t\t\t\t<\/div>\n\t\t\t\t<div class=\"elementor-element elementor-element-1ab29d0 elementor-invisible elementor-widget elementor-widget-woocommerce-breadcrumb\" data-id=\"1ab29d0\" data-element_type=\"widget\" data-e-type=\"widget\" data-settings=\"{&quot;_animation&quot;:&quot;fadeInLeft&quot;,&quot;_animation_delay&quot;:100}\" data-widget_type=\"woocommerce-breadcrumb.default\">\n\t\t\t\t<div class=\"elementor-widget-container\">\n\t\t\t\t\t<nav class=\"woocommerce-breadcrumb\" aria-label=\"Breadcrumb\">Home<\/nav>\t\t\t\t<\/div>\n\t\t\t\t<\/div>\n\t\t\t\t<\/div>\n\t\t\t\t\t<\/div>\n\t\t\t\t<\/div>\n\t\t<div class=\"elementor-element elementor-element-963e91d e-flex e-con-boxed e-con e-parent\" data-id=\"963e91d\" data-element_type=\"container\" data-e-type=\"container\" data-settings=\"{&quot;background_background&quot;:&quot;classic&quot;}\">\n\t\t\t\t\t<div class=\"e-con-inner\">\n\t\t\t\t<div class=\"elementor-element elementor-element-f98e58b elementor-invisible elementor-widget elementor-widget-heading\" data-id=\"f98e58b\" data-element_type=\"widget\" data-e-type=\"widget\" data-settings=\"{&quot;_animation&quot;:&quot;fadeInRight&quot;}\" data-widget_type=\"heading.default\">\n\t\t\t\t<div class=\"elementor-widget-container\">\n\t\t\t\t\t<h2 class=\"elementor-heading-title elementor-size-default\">Figuras decorativas ecol\u00f3gicas y sostenibles para el hogar\n\n<\/h2>\t\t\t\t<\/div>\n\t\t\t\t<\/div>\n\t\t\t\t<div class=\"elementor-element elementor-element-044928d elementor-invisible elementor-widget elementor-widget-text-editor\" data-id=\"044928d\" data-element_type=\"widget\" data-e-type=\"widget\" data-settings=\"{&quot;_animation&quot;:&quot;fadeInRight&quot;,&quot;_animation_delay&quot;:240}\" data-widget_type=\"text-editor.default\">\n\t\t\t\t<div class=\"elementor-widget-container\">\n\t\t\t\t\t\t\t\t\t<p data-start=\"462\" data-end=\"831\">Nuestra colecci\u00f3n de <strong data-start=\"483\" data-end=\"517\">figuras decorativas ecol\u00f3gicas<\/strong> est\u00e1 dise\u00f1ada para quienes buscan a\u00f1adir estilo y personalidad a su hogar sin renunciar al respeto por el planeta. Elaboramos cada pieza con <strong data-start=\"659\" data-end=\"685\">materiales sostenibles<\/strong> como arcillas naturales, maderas certificadas, vidrio reciclado y cemento ecol\u00f3gico, siempre libres de pl\u00e1sticos y compuestos qu\u00edmicos da\u00f1inos.<\/p><p data-start=\"833\" data-end=\"1154\">Cada figura es el resultado de un trabajo artesanal cuidado al detalle, con dise\u00f1os \u00fanicos que transmiten calidez y armon\u00eda en cualquier espacio. Desde siluetas minimalistas hasta piezas m\u00e1s art\u00edsticas, nuestras figuras decorativas aportan un toque especial al hogar mientras apoyan un consumo responsable y consciente.<\/p>\t\t\t\t\t\t\t\t<\/div>\n\t\t\t\t<\/div>\n\t\t\t\t<div class=\"woocommerce elementor-element elementor-element-80b0ecf elementor-grid-3 elementor-grid-tablet-2 elementor-grid-mobile-1 elementor-widget elementor-widget-loop-grid\" data-id=\"80b0ecf\" data-element_type=\"widget\" data-e-type=\"widget\" data-settings=\"{&quot;_skin&quot;:&quot;product&quot;,&quot;template_id&quot;:&quot;545&quot;,&quot;columns&quot;:3,&quot;pagination_type&quot;:&quot;load_more_on_click&quot;,&quot;columns_tablet&quot;:&quot;2&quot;,&quot;columns_mobile&quot;:&quot;1&quot;,&quot;edit_handle_selector&quot;:&quot;[data-elementor-type=\\&quot;loop-item\\&quot;]&quot;,&quot;load_more_spinner&quot;:{&quot;value&quot;:&quot;fas fa-spinner&quot;,&quot;library&quot;:&quot;fa-solid&quot;},&quot;row_gap&quot;:{&quot;unit&quot;:&quot;px&quot;,&quot;size&quot;:&quot;&quot;,&quot;sizes&quot;:[]},&quot;row_gap_tablet&quot;:{&quot;unit&quot;:&quot;px&quot;,&quot;size&quot;:&quot;&quot;,&quot;sizes&quot;:[]},&quot;row_gap_mobile&quot;:{&quot;unit&quot;:&quot;px&quot;,&quot;size&quot;:&quot;&quot;,&quot;sizes&quot;:[]}}\" data-widget_type=\"loop-grid.product\">\n\t\t\t\t<div class=\"elementor-widget-container\">\n\t\t\t\t\t\t\t<div class=\"elementor-loop-container elementor-grid\" role=\"list\">\r\n\t\t<style id=\"loop-545\">.elementor-545 .elementor-element.elementor-element-195a27f{--display:flex;--flex-direction:column;--container-widget-width:calc( ( 1 - var( --container-widget-flex-grow ) ) * 100% );--container-widget-height:initial;--container-widget-flex-grow:0;--container-widget-align-self:initial;--flex-wrap-mobile:wrap;--align-items:center;--padding-top:0px;--padding-bottom:30px;--padding-left:0px;--padding-right:0px;}.woocommerce .elementor-545 .elementor-element.elementor-element-595c200 .star-rating{color:#FFF900;}.elementor-545 .elementor-element.elementor-element-8ac0c39{text-align:center;}.elementor-545 .elementor-element.elementor-element-8ac0c39 .elementor-heading-title{font-family:\"Jost\", Sans-serif;font-size:18px;font-weight:400;text-transform:none;font-style:normal;line-height:1.4em;}.elementor-545 .elementor-element.elementor-element-8ac0c39 > .elementor-widget-container{padding:0px 20px 0px 20px;}.elementor-545 .elementor-element.elementor-element-bdb75eb{text-align:center;}.woocommerce .elementor-545 .elementor-element.elementor-element-bdb75eb .price{color:var( --e-global-color-d49ac81 );font-size:22px;font-weight:500;}.woocommerce .elementor-545 .elementor-element.elementor-element-bdb75eb .price ins{color:var( --e-global-color-d49ac81 );font-size:22px;font-weight:500;}.elementor-545 .elementor-element.elementor-element-bdb75eb > .elementor-widget-container{padding:0px 20px 0px 20px;}.elementor-545 .elementor-element.elementor-element-8e5390c .elementor-button{text-transform:uppercase;padding:15px 30px 15px 30px;}.elementor-545 .elementor-element.elementor-element-8e5390c > .elementor-widget-container{padding:0px 20px 0px 20px;}@media(max-width:1024px){.elementor-545 .elementor-element.elementor-element-8ac0c39 .elementor-heading-title{font-size:23.44px;}}@media(max-width:767px){.elementor-545 .elementor-element.elementor-element-8ac0c39 .elementor-heading-title{font-size:18.72px;}}<\/style>\t\t<div data-elementor-type=\"loop-item\" data-elementor-id=\"545\" class=\"elementor elementor-545 e-loop-item e-loop-item-325 post-325 product type-product status-publish has-post-thumbnail product_cat-decoracion product_cat-figura product_tag-decoracion product_tag-figura first instock shipping-taxable purchasable product-type-simple\" data-elementor-post-type=\"elementor_library\" data-custom-edit-handle=\"1\">\r\n\t\t\t<div class=\"elementor-element elementor-element-195a27f e-flex e-con-boxed e-con e-parent\" data-id=\"195a27f\" data-element_type=\"container\" data-e-type=\"container\">\n\t\t\t\t\t<div class=\"e-con-inner\">\n\t\t\t\t<div class=\"elementor-element elementor-element-7bbfc29 elementor-widget elementor-widget-theme-post-featured-image elementor-widget-image\" data-id=\"7bbfc29\" data-element_type=\"widget\" data-e-type=\"widget\" data-widget_type=\"theme-post-featured-image.default\">\n\t\t\t\t<div class=\"elementor-widget-container\">\n\t\t\t\t\t\t\t\t\t\t\t\t\t\t\t\t<a href=\"https:\/\/selfcarehomedecor.com\/en\/product\/sonando\/\">\n\t\t\t\t\t\t\t<img decoding=\"async\" src=\"https:\/\/selfcarehomedecor.com\/wp-content\/uploads\/elementor\/thumbs\/img_0069-rckfj7l26aqptkwmg0pud0rj2cqyrit9604158nz3k.png\" title=\"img_0069\" alt=\"img_0069\" loading=\"lazy\" \/>\t\t\t\t\t\t\t\t<\/a>\n\t\t\t\t\t\t\t\t\t\t\t\t\t\t\t<\/div>\n\t\t\t\t<\/div>\n\t\t\t\t<div class=\"elementor-element elementor-element-8ac0c39 elementor-widget elementor-widget-woocommerce-product-title elementor-page-title elementor-widget-heading\" data-id=\"8ac0c39\" data-element_type=\"widget\" data-e-type=\"widget\" data-widget_type=\"woocommerce-product-title.default\">\n\t\t\t\t<div class=\"elementor-widget-container\">\n\t\t\t\t\t<h1 class=\"product_title entry-title elementor-heading-title elementor-size-default\"><a href=\"https:\/\/selfcarehomedecor.com\/en\/product\/sonando\/\">So\u00f1ando<\/a><\/h1>\t\t\t\t<\/div>\n\t\t\t\t<\/div>\n\t\t\t\t<div class=\"elementor-element elementor-element-bdb75eb elementor-widget elementor-widget-woocommerce-product-price\" data-id=\"bdb75eb\" data-element_type=\"widget\" data-e-type=\"widget\" data-widget_type=\"woocommerce-product-price.default\">\n\t\t\t\t<div class=\"elementor-widget-container\">\n\t\t\t\t\t<p class=\"price\"><span class=\"woocommerce-Price-amount amount\"><bdi>9,99&nbsp;<span class=\"woocommerce-Price-currencySymbol\">&euro;<\/span><\/bdi><\/span><\/p>\n\t\t\t\t<\/div>\n\t\t\t\t<\/div>\n\t\t\t\t<div class=\"elementor-element elementor-element-8e5390c elementor-align-center elementor-widget elementor-widget-button\" data-id=\"8e5390c\" data-element_type=\"widget\" data-e-type=\"widget\" data-widget_type=\"button.default\">\n\t\t\t\t<div class=\"elementor-widget-container\">\n\t\t\t\t\t\t\t\t\t<div class=\"elementor-button-wrapper\">\n\t\t\t\t\t<a class=\"elementor-button elementor-button-link elementor-size-sm\" href=\"https:\/\/selfcarehomedecor.com\/en\/product\/sonando\/\">\n\t\t\t\t\t\t<span class=\"elementor-button-content-wrapper\">\n\t\t\t\t\t\t\t\t\t<span class=\"elementor-button-text\">Comprar<\/span>\n\t\t\t\t\t<\/span>\n\t\t\t\t\t<\/a>\n\t\t\t\t<\/div>\n\t\t\t\t\t\t\t\t<\/div>\n\t\t\t\t<\/div>\n\t\t\t\t\t<\/div>\n\t\t\t\t<\/div>\n\t\t\t\t<\/div>\r\n\t\t\t\t<div data-elementor-type=\"loop-item\" data-elementor-id=\"545\" class=\"elementor elementor-545 e-loop-item e-loop-item-324 post-324 product type-product status-publish has-post-thumbnail product_cat-decoracion product_cat-figura product_tag-decoracion product_tag-figura  instock shipping-taxable purchasable product-type-simple\" data-elementor-post-type=\"elementor_library\" data-custom-edit-handle=\"1\">\r\n\t\t\t<div class=\"elementor-element elementor-element-195a27f e-flex e-con-boxed e-con e-parent\" data-id=\"195a27f\" data-element_type=\"container\" data-e-type=\"container\">\n\t\t\t\t\t<div class=\"e-con-inner\">\n\t\t\t\t<div class=\"elementor-element elementor-element-7bbfc29 elementor-widget elementor-widget-theme-post-featured-image elementor-widget-image\" data-id=\"7bbfc29\" data-element_type=\"widget\" data-e-type=\"widget\" data-widget_type=\"theme-post-featured-image.default\">\n\t\t\t\t<div class=\"elementor-widget-container\">\n\t\t\t\t\t\t\t\t\t\t\t\t\t\t\t\t<a href=\"https:\/\/selfcarehomedecor.com\/en\/product\/pensando\/\">\n\t\t\t\t\t\t\t<img decoding=\"async\" src=\"https:\/\/selfcarehomedecor.com\/wp-content\/uploads\/elementor\/thumbs\/0069-rckfj7l26aqptkwmg0pud0rj2cqyrit9604158nz3k.png\" title=\"0069\" alt=\"0069\" loading=\"lazy\" \/>\t\t\t\t\t\t\t\t<\/a>\n\t\t\t\t\t\t\t\t\t\t\t\t\t\t\t<\/div>\n\t\t\t\t<\/div>\n\t\t\t\t<div class=\"elementor-element elementor-element-8ac0c39 elementor-widget elementor-widget-woocommerce-product-title elementor-page-title elementor-widget-heading\" data-id=\"8ac0c39\" data-element_type=\"widget\" data-e-type=\"widget\" data-widget_type=\"woocommerce-product-title.default\">\n\t\t\t\t<div class=\"elementor-widget-container\">\n\t\t\t\t\t<h1 class=\"product_title entry-title elementor-heading-title elementor-size-default\"><a href=\"https:\/\/selfcarehomedecor.com\/en\/product\/pensando\/\">Pensando<\/a><\/h1>\t\t\t\t<\/div>\n\t\t\t\t<\/div>\n\t\t\t\t<div class=\"elementor-element elementor-element-bdb75eb elementor-widget elementor-widget-woocommerce-product-price\" data-id=\"bdb75eb\" data-element_type=\"widget\" data-e-type=\"widget\" data-widget_type=\"woocommerce-product-price.default\">\n\t\t\t\t<div class=\"elementor-widget-container\">\n\t\t\t\t\t<p class=\"price\"><span class=\"woocommerce-Price-amount amount\"><bdi>9,99&nbsp;<span class=\"woocommerce-Price-currencySymbol\">&euro;<\/span><\/bdi><\/span><\/p>\n\t\t\t\t<\/div>\n\t\t\t\t<\/div>\n\t\t\t\t<div class=\"elementor-element elementor-element-8e5390c elementor-align-center elementor-widget elementor-widget-button\" data-id=\"8e5390c\" data-element_type=\"widget\" data-e-type=\"widget\" data-widget_type=\"button.default\">\n\t\t\t\t<div class=\"elementor-widget-container\">\n\t\t\t\t\t\t\t\t\t<div class=\"elementor-button-wrapper\">\n\t\t\t\t\t<a class=\"elementor-button elementor-button-link elementor-size-sm\" href=\"https:\/\/selfcarehomedecor.com\/en\/product\/pensando\/\">\n\t\t\t\t\t\t<span class=\"elementor-button-content-wrapper\">\n\t\t\t\t\t\t\t\t\t<span class=\"elementor-button-text\">Comprar<\/span>\n\t\t\t\t\t<\/span>\n\t\t\t\t\t<\/a>\n\t\t\t\t<\/div>\n\t\t\t\t\t\t\t\t<\/div>\n\t\t\t\t<\/div>\n\t\t\t\t\t<\/div>\n\t\t\t\t<\/div>\n\t\t\t\t<\/div>\r\n\t\t\t\t<\/div>\r\n\t\t\t\t\t<span class=\"e-load-more-spinner\">\r\n\t\t\t\t<svg aria-hidden=\"true\" class=\"e-font-icon-svg e-fas-spinner\" viewBox=\"0 0 512 512\" xmlns=\"http:\/\/www.w3.org\/2000\/svg\"><path d=\"M304 48c0 26.51-21.49 48-48 48s-48-21.49-48-48 21.49-48 48-48 48 21.49 48 48zm-48 368c-26.51 0-48 21.49-48 48s21.49 48 48 48 48-21.49 48-48-21.49-48-48-48zm208-208c-26.51 0-48 21.49-48 48s21.49 48 48 48 48-21.49 48-48-21.49-48-48-48zM96 256c0-26.51-21.49-48-48-48S0 229.49 0 256s21.49 48 48 48 48-21.49 48-48zm12.922 99.078c-26.51 0-48 21.49-48 48s21.49 48 48 48 48-21.49 48-48c0-26.509-21.491-48-48-48zm294.156 0c-26.51 0-48 21.49-48 48s21.49 48 48 48 48-21.49 48-48c0-26.509-21.49-48-48-48zM108.922 60.922c-26.51 0-48 21.49-48 48s21.49 48 48 48 48-21.49 48-48-21.491-48-48-48z\"><\/path><\/svg>\t\t\t<\/span>\r\n\t\t\r\n\t\t\t\t\t\t<\/div>\n\t\t\t\t<\/div>\n\t\t\t\t\t<\/div>\n\t\t\t\t<\/div>\n\t\t\t\t<\/div>\n\t\t","protected":false},"excerpt":{"rendered":"<p>Figuras decorativas ecol\u00f3gicas y sostenibles para el hogar Nuestra colecci\u00f3n de figuras decorativas ecol\u00f3gicas est\u00e1 dise\u00f1ada para quienes buscan a\u00f1adir estilo y personalidad a su hogar sin renunciar al respeto por el planeta. Elaboramos cada pieza con materiales sostenibles como arcillas naturales, maderas certificadas, vidrio reciclado y cemento ecol\u00f3gico, siempre libres de pl\u00e1sticos y compuestos [&hellip;]<\/p>\n","protected":false},"author":1,"featured_media":0,"parent":206,"menu_order":0,"comment_status":"closed","ping_status":"closed","template":"","meta":{"footnotes":""},"class_list":["post-668","page","type-page","status-publish","hentry"],"_links":{"self":[{"href":"https:\/\/selfcarehomedecor.com\/en\/wp-json\/wp\/v2\/pages\/668","targetHints":{"allow":["GET"]}}],"collection":[{"href":"https:\/\/selfcarehomedecor.com\/en\/wp-json\/wp\/v2\/pages"}],"about":[{"href":"https:\/\/selfcarehomedecor.com\/en\/wp-json\/wp\/v2\/types\/page"}],"author":[{"embeddable":true,"href":"https:\/\/selfcarehomedecor.com\/en\/wp-json\/wp\/v2\/users\/1"}],"replies":[{"embeddable":true,"href":"https:\/\/selfcarehomedecor.com\/en\/wp-json\/wp\/v2\/comments?post=668"}],"version-history":[{"count":26,"href":"https:\/\/selfcarehomedecor.com\/en\/wp-json\/wp\/v2\/pages\/668\/revisions"}],"predecessor-version":[{"id":1729,"href":"https:\/\/selfcarehomedecor.com\/en\/wp-json\/wp\/v2\/pages\/668\/revisions\/1729"}],"up":[{"embeddable":true,"href":"https:\/\/selfcarehomedecor.com\/en\/wp-json\/wp\/v2\/pages\/206"}],"wp:attachment":[{"href":"https:\/\/selfcarehomedecor.com\/en\/wp-json\/wp\/v2\/media?parent=668"}],"curies":[{"name":"wp","href":"https:\/\/api.w.org\/{rel}","templated":true}]}}