{"id":2346,"date":"2026-03-19T19:59:24","date_gmt":"2026-03-19T18:59:24","guid":{"rendered":"https:\/\/selfcarehomedecor.com\/?post_type=product&#038;p=2346"},"modified":"2026-04-22T20:40:52","modified_gmt":"2026-04-22T18:40:52","slug":"%f0%9f%8c%bc-esencia-de-jazmin","status":"publish","type":"product","link":"https:\/\/selfcarehomedecor.com\/en\/product\/%f0%9f%8c%bc-esencia-de-jazmin\/","title":{"rendered":"\ud83c\udf3c Esencia de Jazm\u00edn"},"content":{"rendered":"<h2 data-section-id=\"arbq7a\" data-start=\"1166\" data-end=\"1184\">Caracter\u00edsticas<\/h2>\n<ul data-start=\"1186\" data-end=\"1364\">\n<li data-section-id=\"1y1t71x\" data-start=\"1210\" data-end=\"1244\">\n<p data-start=\"1212\" data-end=\"1244\"><strong data-start=\"1212\" data-end=\"1221\">Cera:<\/strong> cera de soja natural<\/p>\n<\/li>\n<li data-section-id=\"1oe602j\" data-start=\"1245\" data-end=\"1270\">\n<p data-start=\"1247\" data-end=\"1270\"><strong data-start=\"1247\" data-end=\"1261\">Fragancia:<\/strong> jazm\u00edn<\/p>\n<\/li>\n<li data-section-id=\"1gznprg\" data-start=\"1271\" data-end=\"1293\">\n<p data-start=\"1273\" data-end=\"1293\"><strong data-start=\"1273\" data-end=\"1283\">Mecha:<\/strong> algod\u00f3n<\/p>\n<\/li>\n<li data-section-id=\"iynvcy\" data-start=\"1294\" data-end=\"1364\">\n<p data-start=\"1296\" data-end=\"1364\"><strong data-start=\"1296\" data-end=\"1311\">Recipiente:<\/strong> resina ecol\u00f3gica con relieve de flores y mariposas<\/p>\n<\/li>\n<\/ul>\n<p data-start=\"1366\" data-end=\"1392\"><strong data-start=\"1366\" data-end=\"1390\">Medidas aproximadas:<\/strong><\/p>\n<ul data-start=\"1393\" data-end=\"1463\">\n<li data-section-id=\"1iegzxl\" data-start=\"1393\" data-end=\"1418\">\n<p data-start=\"1395\" data-end=\"1418\"><strong data-start=\"1395\" data-end=\"1410\">Total weight:<\/strong> 520 g<\/p>\n<\/li>\n<li data-section-id=\"mns65s\" data-start=\"1419\" data-end=\"1442\">\n<p data-start=\"1421\" data-end=\"1442\"><strong data-start=\"1421\" data-end=\"1434\">Di\u00e1metro:<\/strong> 10 cm<\/p>\n<\/li>\n<li data-section-id=\"1s3vgj8\" data-start=\"1443\" data-end=\"1463\">\n<p data-start=\"1445\" data-end=\"1463\"><strong data-start=\"1445\" data-end=\"1456\">Altura:<\/strong> 7 cm<\/p>\n<\/li>\n<\/ul>","protected":false},"excerpt":{"rendered":"<p data-start=\"298\" data-end=\"601\"><strong><em data-start=\"839\" data-end=\"940\">Un aroma floral y delicado que envuelve el ambiente con la serenidad de las flores reci\u00e9n abiertas.<\/em><\/strong><\/p>\n<p data-start=\"298\" data-end=\"601\">Sum\u00e9rgete en la frescura y la belleza de la <strong data-start=\"342\" data-end=\"366\">vela de soja Jazm\u00edn<\/strong>, una vela arom\u00e1tica que te transporta a un <strong data-start=\"410\" data-end=\"439\">jard\u00edn en plena floraci\u00f3n<\/strong>. Su fragancia delicada de <strong data-start=\"466\" data-end=\"476\">jazm\u00edn<\/strong> envuelve el ambiente con un aroma fresco, floral y relajante, creando una sensaci\u00f3n de tranquilidad y bienestar en tu hogar.<\/p>\n<p data-start=\"603\" data-end=\"970\">El dise\u00f1o de la vela refleja la esencia de la naturaleza: un <strong data-start=\"664\" data-end=\"707\">precioso recipiente de resina ecol\u00f3gica<\/strong>, decorado con un <strong data-start=\"725\" data-end=\"758\">relieve de flores y mariposas<\/strong>, que aporta un toque art\u00edstico y elegante a cualquier espacio. Encender la vela Jasmine es como dar un paseo por un jard\u00edn lleno de flores, donde cada detalle est\u00e1 pensado para despertar los sentidos y la calma.<\/p>\n<p data-start=\"972\" data-end=\"1293\">En su interior, la base de <strong data-start=\"999\" data-end=\"1023\">cera de soja natural<\/strong> y la <strong data-start=\"1029\" data-end=\"1049\">mecha de algod\u00f3n<\/strong> garantizan una combusti\u00f3n limpia y duradera, permiti\u00e9ndote disfrutar de su aroma durante horas. Perfecta para <strong data-start=\"1160\" data-end=\"1234\">momentos de relajaci\u00f3n, meditaci\u00f3n, autocuidado o como regalo especial<\/strong> para los amantes de las velas artesanales y la naturaleza.<\/p>","protected":false},"featured_media":2350,"comment_status":"open","ping_status":"closed","template":"","meta":[],"product_brand":[],"product_cat":[43,32],"product_tag":[],"class_list":{"0":"post-2346","1":"product","2":"type-product","3":"status-publish","4":"has-post-thumbnail","6":"product_cat-vela-aromatica","7":"product_cat-velas","9":"first","10":"instock","11":"shipping-taxable","12":"purchasable","13":"product-type-simple"},"_links":{"self":[{"href":"https:\/\/selfcarehomedecor.com\/en\/wp-json\/wp\/v2\/product\/2346","targetHints":{"allow":["GET"]}}],"collection":[{"href":"https:\/\/selfcarehomedecor.com\/en\/wp-json\/wp\/v2\/product"}],"about":[{"href":"https:\/\/selfcarehomedecor.com\/en\/wp-json\/wp\/v2\/types\/product"}],"replies":[{"embeddable":true,"href":"https:\/\/selfcarehomedecor.com\/en\/wp-json\/wp\/v2\/comments?post=2346"}],"wp:featuredmedia":[{"embeddable":true,"href":"https:\/\/selfcarehomedecor.com\/en\/wp-json\/wp\/v2\/media\/2350"}],"wp:attachment":[{"href":"https:\/\/selfcarehomedecor.com\/en\/wp-json\/wp\/v2\/media?parent=2346"}],"wp:term":[{"taxonomy":"product_brand","embeddable":true,"href":"https:\/\/selfcarehomedecor.com\/en\/wp-json\/wp\/v2\/product_brand?post=2346"},{"taxonomy":"product_cat","embeddable":true,"href":"https:\/\/selfcarehomedecor.com\/en\/wp-json\/wp\/v2\/product_cat?post=2346"},{"taxonomy":"product_tag","embeddable":true,"href":"https:\/\/selfcarehomedecor.com\/en\/wp-json\/wp\/v2\/product_tag?post=2346"}],"curies":[{"name":"wp","href":"https:\/\/api.w.org\/{rel}","templated":true}]}}