{"id":2347,"date":"2026-03-19T19:59:09","date_gmt":"2026-03-19T18:59:09","guid":{"rendered":"https:\/\/selfcarehomedecor.com\/?post_type=product&#038;p=2347"},"modified":"2026-03-19T19:59:09","modified_gmt":"2026-03-19T18:59:09","slug":"%f0%9f%8c%b9-elegancia-de-rosa","status":"publish","type":"product","link":"https:\/\/selfcarehomedecor.com\/en\/product\/%f0%9f%8c%b9-elegancia-de-rosa\/","title":{"rendered":"\ud83c\udf39 Elegancia de Rosa"},"content":{"rendered":"<h2 data-section-id=\"arbq7a\" data-start=\"1490\" data-end=\"1508\">Caracter\u00edsticas<\/h2>\n<ul data-start=\"1510\" data-end=\"1785\">\n<li data-section-id=\"bgz34x\" data-start=\"1531\" data-end=\"1574\">\n<p data-start=\"1533\" data-end=\"1574\"><strong data-start=\"1533\" data-end=\"1542\">Cera:<\/strong> cera de soja color rosa sutil<\/p>\n<\/li>\n<li data-section-id=\"1sgy07f\" data-start=\"1575\" data-end=\"1598\">\n<p data-start=\"1577\" data-end=\"1598\"><strong data-start=\"1577\" data-end=\"1591\">Fragancia:<\/strong> rosa<\/p>\n<\/li>\n<li data-section-id=\"1gznprg\" data-start=\"1599\" data-end=\"1621\">\n<p data-start=\"1601\" data-end=\"1621\"><strong data-start=\"1601\" data-end=\"1611\">Mecha:<\/strong> algod\u00f3n<\/p>\n<\/li>\n<li data-section-id=\"1gz2lnh\" data-start=\"1622\" data-end=\"1703\">\n<p data-start=\"1624\" data-end=\"1703\"><strong data-start=\"1624\" data-end=\"1639\">Recipiente:<\/strong> resina ecol\u00f3gica en forma de flor blanca con detalles dorados<\/p>\n<\/li>\n<li data-section-id=\"1j19353\" data-start=\"1704\" data-end=\"1785\">\n<p data-start=\"1706\" data-end=\"1785\"><strong data-start=\"1706\" data-end=\"1715\">Tapa:<\/strong> s\u00ed, a juego con el recipiente (reutilizable como cajita decorativa)<\/p>\n<\/li>\n<\/ul>\n<p data-start=\"1787\" data-end=\"1813\"><strong data-start=\"1787\" data-end=\"1811\">Medidas aproximadas:<\/strong><\/p>\n<ul data-start=\"1814\" data-end=\"1886\">\n<li data-section-id=\"1hsjhhk\" data-start=\"1814\" data-end=\"1839\">\n<p data-start=\"1816\" data-end=\"1839\"><strong data-start=\"1816\" data-end=\"1831\">Total weight:<\/strong> 530 g<\/p>\n<\/li>\n<li data-section-id=\"mns65s\" data-start=\"1840\" data-end=\"1863\">\n<p data-start=\"1842\" data-end=\"1863\"><strong data-start=\"1842\" data-end=\"1855\">Di\u00e1metro:<\/strong> 10 cm<\/p>\n<\/li>\n<li data-section-id=\"1rayia5\" data-start=\"1864\" data-end=\"1886\">\n<p data-start=\"1866\" data-end=\"1886\"><strong data-start=\"1866\" data-end=\"1877\">Altura:<\/strong> 7,5 cm<\/p>\n<\/li>\n<\/ul>","protected":false},"excerpt":{"rendered":"<p data-start=\"286\" data-end=\"578\"><em><strong>Un perfume rom\u00e1ntico y envolvente que llena el espacio de calidez y delicadeza.<\/strong><\/em><\/p>\n<p data-start=\"286\" data-end=\"578\">Descubre la <strong data-start=\"298\" data-end=\"319\">vela de soja Rose<\/strong>, una vela arom\u00e1tica que captura la delicadeza y el romanticismo de la <strong data-start=\"390\" data-end=\"398\">rosa<\/strong>, s\u00edmbolo de amor, belleza y serenidad. Su fragancia floral suave llena el ambiente con un aroma elegante y relajante, ideal para crear un espacio acogedor y armonioso en tu hogar.<\/p>\n<p data-start=\"580\" data-end=\"958\">El dise\u00f1o de la vela es tan especial como su aroma: un <strong data-start=\"635\" data-end=\"702\">precioso recipiente de resina ecol\u00f3gica en forma de flor blanca<\/strong>, con <strong data-start=\"708\" data-end=\"749\">detalles dorados en la parte superior<\/strong> and <strong data-start=\"752\" data-end=\"768\">tapa a juego<\/strong>, que aporta un toque sofisticado y art\u00edstico. Encender la vela Rose es como estar rodeado de un <strong data-start=\"865\" data-end=\"914\">jard\u00edn de rosas blancas ba\u00f1adas en luz dorada<\/strong>, evocando calma y belleza en cada rinc\u00f3n.<\/p>\n<p data-start=\"960\" data-end=\"1138\">Cuando la vela se consuma, el <strong data-start=\"990\" data-end=\"1013\">recipiente con tapa<\/strong> se puede reutilizar como <strong data-start=\"1039\" data-end=\"1060\">cajita decorativa<\/strong> para joyas, peque\u00f1os objetos o para a\u00f1adir un toque elegante a tu decoraci\u00f3n.<\/p>\n<p data-start=\"1140\" data-end=\"1483\">En su interior, la base de <strong data-start=\"1167\" data-end=\"1200\">cera de soja color rosa sutil<\/strong> y la <strong data-start=\"1206\" data-end=\"1226\">mecha de algod\u00f3n<\/strong> garantizan una combusti\u00f3n limpia y duradera, permiti\u00e9ndote disfrutar de su fragancia durante horas. Perfecta para <strong data-start=\"1341\" data-end=\"1418\">momentos de relajaci\u00f3n, autocuidado, meditaci\u00f3n o como un regalo especial<\/strong> para los amantes de las velas artesanales y la elegancia floral.<\/p>","protected":false},"featured_media":2352,"comment_status":"open","ping_status":"closed","template":"","meta":[],"product_brand":[],"product_cat":[43,32],"product_tag":[],"class_list":{"0":"post-2347","1":"product","2":"type-product","3":"status-publish","4":"has-post-thumbnail","6":"product_cat-vela-aromatica","7":"product_cat-velas","9":"first","10":"instock","11":"shipping-taxable","12":"purchasable","13":"product-type-simple"},"_links":{"self":[{"href":"https:\/\/selfcarehomedecor.com\/en\/wp-json\/wp\/v2\/product\/2347","targetHints":{"allow":["GET"]}}],"collection":[{"href":"https:\/\/selfcarehomedecor.com\/en\/wp-json\/wp\/v2\/product"}],"about":[{"href":"https:\/\/selfcarehomedecor.com\/en\/wp-json\/wp\/v2\/types\/product"}],"replies":[{"embeddable":true,"href":"https:\/\/selfcarehomedecor.com\/en\/wp-json\/wp\/v2\/comments?post=2347"}],"wp:featuredmedia":[{"embeddable":true,"href":"https:\/\/selfcarehomedecor.com\/en\/wp-json\/wp\/v2\/media\/2352"}],"wp:attachment":[{"href":"https:\/\/selfcarehomedecor.com\/en\/wp-json\/wp\/v2\/media?parent=2347"}],"wp:term":[{"taxonomy":"product_brand","embeddable":true,"href":"https:\/\/selfcarehomedecor.com\/en\/wp-json\/wp\/v2\/product_brand?post=2347"},{"taxonomy":"product_cat","embeddable":true,"href":"https:\/\/selfcarehomedecor.com\/en\/wp-json\/wp\/v2\/product_cat?post=2347"},{"taxonomy":"product_tag","embeddable":true,"href":"https:\/\/selfcarehomedecor.com\/en\/wp-json\/wp\/v2\/product_tag?post=2347"}],"curies":[{"name":"wp","href":"https:\/\/api.w.org\/{rel}","templated":true}]}}