{"id":248,"date":"2025-07-01T02:57:40","date_gmt":"2025-07-01T00:57:40","guid":{"rendered":"https:\/\/selfcarehomedecor.com\/?post_type=product&#038;p=248"},"modified":"2026-03-19T13:35:12","modified_gmt":"2026-03-19T12:35:12","slug":"pureza","status":"publish","type":"product","link":"https:\/\/selfcarehomedecor.com\/en\/product\/pureza\/","title":{"rendered":"\ud83e\udd0d Pureza"},"content":{"rendered":"<p class=\"ng-star-inserted\"><strong class=\"ng-star-inserted\"><span class=\"ng-star-inserted\">Product Details:<\/span><\/strong><\/p>\n<ul class=\"ng-star-inserted\">\n<li class=\"ng-star-inserted\">\n<p class=\"ng-star-inserted\"><strong class=\"ng-star-inserted\"><span class=\"ng-star-inserted\">Format:<\/span><\/strong><span class=\"ng-star-inserted\">\u00a0Candle in a handmade eco-friendly resin bowl.<\/span><\/p>\n<\/li>\n<li class=\"ng-star-inserted\">\n<p class=\"ng-star-inserted\"><strong class=\"ng-star-inserted\"><span class=\"ng-star-inserted\">Measures:<\/span><\/strong><span class=\"ng-star-inserted\">\u00a0\u00d8 7.2 cm | Height: 7.8 cm.<\/span><\/p>\n<\/li>\n<li class=\"ng-star-inserted\">\n<p class=\"ng-star-inserted\"><strong class=\"ng-star-inserted\"><span class=\"ng-star-inserted\">Total Weight:<\/span><\/strong><span class=\"ng-star-inserted\">\u00a0350 gr.<\/span><\/p>\n<\/li>\n<li class=\"ng-star-inserted\">\n<p class=\"ng-star-inserted\"><strong class=\"ng-star-inserted\"><span class=\"ng-star-inserted\">Duration:<\/span><\/strong><span class=\"ng-star-inserted\">\u00a0Between 7 and 10 pm approx.<\/span><\/p>\n<\/li>\n<li class=\"ng-star-inserted\">\n<p class=\"ng-star-inserted\"><strong class=\"ng-star-inserted\"><span class=\"ng-star-inserted\">Material:<\/span><\/strong><span class=\"ng-star-inserted\">\u00a0100% soy wax.<\/span><\/p>\n<\/li>\n<li class=\"ng-star-inserted\">\n<p class=\"ng-star-inserted\"><strong class=\"ng-star-inserted\"><span class=\"ng-star-inserted\">Container:<\/span><\/strong><span class=\"ng-star-inserted\">\u00a0Reusable (once the candle is consumed, you can clean the bowl and give it a second life).<\/span><\/p>\n<\/li>\n<\/ul>","protected":false},"excerpt":{"rendered":"<p class=\"ng-star-inserted\"><em><strong>Una fragancia limpia y fresca que recuerda al aroma del jab\u00f3n y a la sensaci\u00f3n de un hogar reci\u00e9n cuidado.<\/strong><\/em><\/p>\n<p class=\"ng-star-inserted\"><span class=\"ng-star-inserted\">Breathe in the essence of absolute clarity. This candle captures that unparalleled feeling of sun-dried white sheets and the nostalgic touch of...\u00a0<\/span><strong class=\"ng-star-inserted\"><span class=\"ng-star-inserted\">handmade soap<\/span><\/strong><span class=\"ng-star-inserted\">. It is a fresh, crystalline and ethereal aroma that renews the air, bringing an immediate feeling of order and cleanliness to any room.<\/span><\/p>\n<p class=\"ng-star-inserted\"><span class=\"ng-star-inserted\">Its immaculate character is enhanced by a\u00a0<\/span><strong class=\"ng-star-inserted\"><span class=\"ng-star-inserted\">natural cotton wick 100%<\/span><\/strong><span class=\"ng-star-inserted\">. When lit, it offers a serene, steady, and silent flame, ensuring clean combustion that preserves the delicate fragrance. It&#039;s the perfect complement to your cleansing rituals or for that moment of relaxation after a long day.<\/span><\/p>","protected":false},"featured_media":2363,"comment_status":"open","ping_status":"closed","template":"","meta":[],"product_brand":[],"product_cat":[43,32],"product_tag":[46,47],"class_list":{"0":"post-248","1":"product","2":"type-product","3":"status-publish","4":"has-post-thumbnail","6":"product_cat-vela-aromatica","7":"product_cat-velas","8":"product_tag-velas","9":"product_tag-velas-aromaticas","11":"first","12":"instock","13":"shipping-taxable","14":"purchasable","15":"product-type-simple"},"_links":{"self":[{"href":"https:\/\/selfcarehomedecor.com\/en\/wp-json\/wp\/v2\/product\/248","targetHints":{"allow":["GET"]}}],"collection":[{"href":"https:\/\/selfcarehomedecor.com\/en\/wp-json\/wp\/v2\/product"}],"about":[{"href":"https:\/\/selfcarehomedecor.com\/en\/wp-json\/wp\/v2\/types\/product"}],"replies":[{"embeddable":true,"href":"https:\/\/selfcarehomedecor.com\/en\/wp-json\/wp\/v2\/comments?post=248"}],"wp:featuredmedia":[{"embeddable":true,"href":"https:\/\/selfcarehomedecor.com\/en\/wp-json\/wp\/v2\/media\/2363"}],"wp:attachment":[{"href":"https:\/\/selfcarehomedecor.com\/en\/wp-json\/wp\/v2\/media?parent=248"}],"wp:term":[{"taxonomy":"product_brand","embeddable":true,"href":"https:\/\/selfcarehomedecor.com\/en\/wp-json\/wp\/v2\/product_brand?post=248"},{"taxonomy":"product_cat","embeddable":true,"href":"https:\/\/selfcarehomedecor.com\/en\/wp-json\/wp\/v2\/product_cat?post=248"},{"taxonomy":"product_tag","embeddable":true,"href":"https:\/\/selfcarehomedecor.com\/en\/wp-json\/wp\/v2\/product_tag?post=248"}],"curies":[{"name":"wp","href":"https:\/\/api.w.org\/{rel}","templated":true}]}}